{"id":359,"date":"2017-05-17T18:53:21","date_gmt":"2017-05-17T18:53:21","guid":{"rendered":"http:\/\/culturaneuroactiva.com\/site\/redpaz\/?page_id=359"},"modified":"2017-09-05T04:58:22","modified_gmt":"2017-09-05T04:58:22","slug":"causas-de-la-violencia","status":"publish","type":"page","link":"https:\/\/culturaneuroactiva.com\/site\/guiadepaz\/causas-de-la-violencia\/","title":{"rendered":"Causas de la Violencia"},"content":{"rendered":"<ol>\n<li>\n<h6><span style=\"color: #333399;\"><strong> Padecer de Inmadurez Emocional.<\/strong><\/span><\/h6>\n<\/li>\n<\/ol>\n<p>Esta es la causa m\u00e1s importante y la m\u00e1s invisible de todos los factores que generan violencia, o sea que existe un terrible desconocimiento sobre lo que es verdaderamente la inmadurez emocional, y por eso a\u00fan las personas que se creen maduras emocionalmente padecen de este mal y no lo saben, y como tampoco lo saben ninguno de sus seres queridos esto crea un riesgo inminente, ya que en cualquier momento se juntan los factores detonantes, y a la persona le da una reacci\u00f3n emocional desbocada que origina un acto de violencia, el cual afecta principalmente a sus seres queridos y a las personas de su entorno.<\/p>\n<p><strong>\u00a0<\/strong><\/p>\n<ol start=\"2\">\n<li>\n<h6><span style=\"color: #333399;\"><strong> No Saber Manejar el Instinto de Defensa.<\/strong><\/span><\/h6>\n<\/li>\n<\/ol>\n<p>El segundo factor que m\u00e1s genera violencia, es que no existe un punto de referencia social que ense\u00f1e a manejar de forma saludable cada uno de los instintos b\u00e1sicos, entonces todos los temas relacionados con el enojo y la diferencia, van a detonar el instinto de defensa, que cuando la persona se lo pone a manejar a su inmadurez emocional, entonces se convierte en instinto criminal, y esto es lo que hace que la persona de la rabia se ponga agresiva y cometa actos violentos, con lo cual se desvirt\u00faa el sentido original de un instinto que fue hecho para defenderse de los peligros del mundo, y la inmadurez emocional hace que se use para hacerle da\u00f1o a los seres queridos en medio de una discusi\u00f3n.<\/p>\n<p><strong>\u00a0<\/strong><\/p>\n<ol start=\"3\">\n<li>\n<h6><span style=\"color: #333399;\"><strong> No Tener Tolerancia y Respeto ante la Diferencia.<\/strong><\/span><\/h6>\n<\/li>\n<\/ol>\n<p>Cuando no se concibe una posici\u00f3n diferente a la propia, o cuando no se tolera la diferencia y \u00e9sta aparece, entonces se genera incomodidad y rabia, lo cual es energ\u00eda negativa que empieza a cargarse, por eso cuando se alcanza un tope la persona ya no aguanta m\u00e1s y explota, por lo general con alguna manifestaci\u00f3n de violencia. Esto se ve mucho cuando les toca compartir en un mismo escenario a personas de gustos o culturas diferentes, lo que genera las tradicionales peleas entre vecinos, o entre hinchas de equipos diferentes, o entre partidos pol\u00edticos. Esto tambi\u00e9n es lo que genera la indiferencia del rico y el resentimiento del pobre, o los racismos, o los diversos tipos de fobias entre seres humanos.<\/p>\n<p><strong>\u00a0<\/strong><\/p>\n<ol start=\"4\">\n<li>\n<h6><span style=\"color: #333399;\"><strong> No Saber Manejar los Aspectos Negativos del Mundo.<\/strong><\/span><\/h6>\n<\/li>\n<\/ol>\n<p>Cuando aparece alguna sombra del afuera con una ofensa o agresi\u00f3n, las personas con este perfil reaccionan con temor o enojo, al sentir agredidas sus creencias, paradigmas o seguridades ontol\u00f3gicas. Esto sucede cuando la persona no sabe manejar las emociones, por lo que reacciona de una manera desbocada o desproporcionada ante circunstancias que no lo ameritan o que no corresponden, como por ejemplo pegarle a la abuelita porque olvid\u00f3 dar alguna raz\u00f3n importante, o matar a la pareja porque cometi\u00f3 una infidelidad, o gritar por un simple disgusto o inconformidad.<\/p>\n<p>&nbsp;<\/p>\n<ol start=\"5\">\n<li>\n<h6><span style=\"color: #333399;\"><strong> No Saber c\u00f3mo Liberarse R\u00e1pido del Enojo.<\/strong><\/span><\/h6>\n<\/li>\n<\/ol>\n<p>Cuando no se saben manejar los aspectos negativos del mundo, despu\u00e9s de la ofensa llega el enojo y posee a la persona, lo cual le altera la visi\u00f3n y lo pone a vivir como en una especie de realidad aumentada, que lo hace realizar cosas que normalmente no har\u00eda, como ser distante con un ser querido, o no poder ense\u00f1ar el error con amor.<\/p>\n<p><strong>\u00a0<\/strong><\/p>\n<ol start=\"6\">\n<li>\n<h6><span style=\"color: #333399;\"><strong> No Reconocer a la V\u00edctima Interior.<\/strong><\/span><\/h6>\n<\/li>\n<\/ol>\n<p>La v\u00edctima interior por lo general se lleva de forma inconsciente, todas las personas tenemos algo de lo que huimos y a lo que tememos profundamente, esa es la v\u00edctima que llevamos dentro, la cual cuando se manifiesta hace que la persona se centre en el aspecto negativo de las cosas, y en la sensaci\u00f3n de no poder conseguir aquello que se tiene amenazado, esto es sentirse v\u00edctima o padecer de victimismo.<\/p>\n<p>&nbsp;<\/p>\n<ol start=\"7\">\n<li>\n<h6><span style=\"color: #333399;\"><strong> No Reconocer al Agresor Interior.<\/strong><\/span><\/h6>\n<\/li>\n<\/ol>\n<p>Cuando la persona no reconoce su agresor interior, cada vez que \u00e9ste sale genera un conflicto y una situaci\u00f3n de violencia, ya que tiene muchas manifestaciones negativas, como por ejemplo intolerancia, desespero, abusos de poder, vampirismo energ\u00e9tico, venganza, mentira, manipulaci\u00f3n, explosividad emocional, liderazgo negativo, o simplemente ser hiriente o da\u00f1ino.<\/p>\n<p><strong>\u00a0<\/strong><\/p>\n<ol start=\"8\">\n<li>\n<h6><span style=\"color: #333399;\"><strong> El Liderazgo Negativo.<\/strong><\/span><\/h6>\n<\/li>\n<\/ol>\n<p>Las principales fuentes de violencia urbana son personas que se encuentran en situaciones de poder, fusionado con inmadurez psicoemocional, lo que da por resultado un exceso de confianza que en alg\u00fan momento conduce al abuso de poder, y a que se genere una situaci\u00f3n de agresividad y violencia. El l\u00edder negativo no se refiere a los l\u00edderes para asuntos delincuenciales o de antivalores, sino que es el l\u00edder que utiliza la violencia debido a encarnar el arquetipo del \u201cmacho facho\u201d, caracterizado por la insensibilidad, la soberbia y la deshumanizaci\u00f3n.<\/p>\n<p><strong>\u00a0<\/strong><\/p>\n<ol start=\"9\">\n<li>\n<h6><span style=\"color: #333399;\"><strong> Estar en Crisis o en Situaci\u00f3n de Peligro Permanente.<\/strong><\/span><\/h6>\n<\/li>\n<\/ol>\n<p>En esos momentos a las personas se les bajan las defensas psicol\u00f3gicas y la tolerancia ante la frustraci\u00f3n, por lo que quedan en situaci\u00f3n de vulnerabilidad psicoemocional, lo que los hace irascibles y explosivos frente a cualquier amenaza o estr\u00e9s.<\/p>\n<p>&nbsp;<\/p>\n<ol start=\"10\">\n<li>\n<h6><span style=\"color: #333399;\"><strong> No Saber Amar.<\/strong><\/span><\/h6>\n<\/li>\n<\/ol>\n<p>No saber amar es estar centrado en el ego y en la importancia personal, lo cual equivale a no saber dar lo mejor de s\u00ed sin esperar nada a cambio, y a no saber recibir lo negativo de la realidad sin salirse de la calma, o sea que esta es la causa de actuar siempre por inter\u00e9s, y de reaccionar agresivos cuando se rompe la confianza, o frente a los aspectos negativos de la realidad.<\/p>\n<p>&nbsp;<\/p>\n<ol start=\"11\">\n<li>\n<h6><span style=\"color: #333399;\"><strong> Estar Regido por la Frecuencia del Viejo Paradigma.<\/strong><\/span><\/h6>\n<\/li>\n<\/ol>\n<p>El viejo paradigma es un sistema de creencias basado en la individualidad y regido por el temor, por lo que se convierte en una de las causas silenciosas de los conflictos y la violencia.<\/p>\n<p><strong>\u00a0<\/strong><strong>\u00a0<\/strong><\/p>\n<ol start=\"12\">\n<li>\n<h6><span style=\"color: #333399;\"><strong> El Temor Latente.<\/strong><\/span><\/h6>\n<\/li>\n<\/ol>\n<p>No tener clara la identidad ni estar empoderado de los talentos propios, es lo que genera una desconexi\u00f3n del mundo, y la ausencia de buenos resultados causa una baja autoestima, o sea que cuando la persona vive con ese perfil, se siente atacado cuando ve amenazadas las cosas que valora y que sabe que no podr\u00eda volver a conseguir f\u00e1cilmente, por lo que reacciona de manera agresiva para defender aquello que le da temor perder.<\/p>\n<p>&nbsp;<\/p>\n<ol start=\"13\">\n<li>\n<h6><span style=\"color: #333399;\"><strong> El Instinto de Hacer Da\u00f1o.<\/strong><\/span><\/h6>\n<\/li>\n<\/ol>\n<p>Cuando la persona est\u00e1 en desequilibrio y vive de forma desestructurada, el estar permanentemente en condici\u00f3n de falta le genera el instinto de hacer da\u00f1o, el cual se malinterpreta como una especie de naturaleza malvada pero en realidad no es m\u00e1s que enfermedad y confusi\u00f3n, o sea que el instinto de hacer da\u00f1o no se da por maldad sino por desconocimiento y por falta de oportunidades.<\/p>\n<p>&nbsp;<\/p>\n<ol start=\"14\">\n<li>\n<h6><span style=\"color: #333399;\"><strong> La Violencia como Forma de Superioridad.<\/strong><\/span><\/h6>\n<\/li>\n<\/ol>\n<p>Desde la misma naturaleza se ve que la violencia es una manifestaci\u00f3n de fuerza y poder, por lo que todos los machos alfa fueron dotados de una extrema agresividad, e inclusive en las hembras alfa como sucede con las hienas. Los seres humanos no somos ajenos a este comportamiento instintivo, en donde la violencia se convierte para algunos sectores de la poblaci\u00f3n, en un factor de seguridad, superioridad y hasta prestigio.<\/p>\n<p><strong>\u00a0<\/strong><\/p>\n<ol start=\"15\">\n<li>\n<h6><span style=\"color: #333399;\"><strong> La Violencia como Herramienta de la Delincuencia.<\/strong><\/span><\/h6>\n<\/li>\n<\/ol>\n<p>La violencia es un componente estructural en la ecuaci\u00f3n de la ilegalidad y la delincuencia, ya que en estos medios impera la ley del m\u00e1s fuerte, es por esto que se convierte en una herramienta \u00fatil en todos los trabajos por fuera de la ley, en donde tambi\u00e9n funciona como fuente de seguridad, y como elemento b\u00e1sico para sostenerse en el poder.<\/p>\n<p>&nbsp;<\/p>\n<ol start=\"16\">\n<li>\n<h6><span style=\"color: #333399;\"><strong> Estar Desconectado de la Fuente y no Tener Fe. <\/strong><\/span><\/h6>\n<\/li>\n<\/ol>\n<p>La espiritualidad es un aspecto primordial a la hora de enfrentar la adversidad, las crisis y las agresiones provenientes del mundo, ya que cuando llegan los problemas, la persona queda muy vulnerable si no cree en algo que est\u00e9 por encima de la l\u00f3gica, entonces queda atrapada en una \u00fanica realidad, y esto es lo que hace que se desboquen las emociones bajas de temor y de p\u00e1nico, y que las presiones o agresiones del mundo terminen generando reacciones violentas.<\/p>\n<p>&nbsp;<\/p>\n<ol start=\"17\">\n<li>\n<h6><strong><span style=\"color: #333399;\"> La Justicia Privada.<\/span> <\/strong><\/h6>\n<\/li>\n<\/ol>\n<p>La ineficiencia de las instituciones del estado para hacer justicia en Colombia, genera la no credibilidad en la justicia del estado, y tambi\u00e9n es el mayor incentivo para que las personas opten por hacer justicia privada.<\/p>\n<p><strong>\u00a0<\/strong><\/p>\n<ol start=\"18\">\n<li>\n<h6><span style=\"color: #333399;\"><strong>La Vejez. <\/strong><\/span><\/h6>\n<\/li>\n<\/ol>\n<p>Con la vejez no s\u00f3lo se deteriora el cuerpo sino tambi\u00e9n la mente y las emociones, por lo que a muchas personas con la vejez se les acent\u00faa el mal genio, el miedo, la irascibilidad, y los mecanismos de defensa como la agresividad.<\/p>\n<p><strong>\u00a0<\/strong><\/p>\n<ol start=\"19\">\n<li>\n<h6><span style=\"color: #333399;\"><strong> El Mismo Desconocimiento de las Causas de la Violencia.<\/strong><\/span><\/h6>\n<\/li>\n<\/ol>\n<p>El desconocimiento de las causas de la violencia, es la principal causa de que hasta ahora no se haya podido encontrar una soluci\u00f3n para los problemas generados por la agresividad, los conflictos y la guerra, por tal raz\u00f3n este punto no es propiamente una causa de la violencia, sino el factor que hace que este problema se prolongue en el tiempo.<\/p>\n<p>&nbsp;<\/p>\n<p>Art\u00edculo extra\u00eddo del libro:<\/p>\n<p>\u201cManual de Paz Personal\u201d.<\/p>\n<p>Autor: Juan David Silva Aguirre.<\/p>\n<p><img loading=\"lazy\" decoding=\"async\" class=\"alignnone wp-image-637\" src=\"http:\/\/culturaneuroactiva.com\/site\/wp-content\/uploads\/2016\/03\/creative-comons-300x105.png\" sizes=\"auto, (max-width: 97px) 100vw, 97px\" srcset=\"http:\/\/culturaneuroactiva.com\/site\/wp-content\/uploads\/2016\/03\/creative-comons-300x105.png 300w, http:\/\/culturaneuroactiva.com\/site\/wp-content\/uploads\/2016\/03\/creative-comons-392x141.png 392w, http:\/\/culturaneuroactiva.com\/site\/wp-content\/uploads\/2016\/03\/creative-comons-390x141.png 390w, http:\/\/culturaneuroactiva.com\/site\/wp-content\/uploads\/2016\/03\/creative-comons.png 403w\" alt=\"creative comons\" width=\"97\" height=\"34\" \/><\/p>\n<p>Red de Paz Personal: <a href=\"http:\/\/culturaneuroactiva.com\/site\/redpaz\/terapias-de-paz\/\">Terapias de Paz<\/a>.<\/p>\n<p>reddepazpersonal@gmail.com<\/p>\n<p>redpaz.culturaneuroactiva.com<\/p>\n<p>Medell\u00edn \u2013 Colombia<\/p>\n<p>&nbsp;<\/p>\n","protected":false},"excerpt":{"rendered":"<p>Padecer de Inmadurez Emocional. Esta es la causa m\u00e1s importante y la m\u00e1s invisible de todos los factores que generan<\/p>\n","protected":false},"author":1,"featured_media":0,"parent":0,"menu_order":0,"comment_status":"closed","ping_status":"closed","template":"","meta":{"colormag_page_layout":"no_sidebar_content_centered","footnotes":""},"class_list":["post-359","page","type-page","status-publish","hentry"],"yoast_head":"<!-- This site is optimized with the Yoast SEO plugin v25.6 - https:\/\/yoast.com\/wordpress\/plugins\/seo\/ -->\n<title>Causas de la Violencia - Guia de Paz Personal<\/title>\n<meta name=\"robots\" content=\"index, follow, max-snippet:-1, max-image-preview:large, max-video-preview:-1\" \/>\n<link rel=\"canonical\" href=\"https:\/\/culturaneuroactiva.com\/site\/guiadepaz\/causas-de-la-violencia\/\" \/>\n<meta property=\"og:locale\" content=\"es_ES\" \/>\n<meta property=\"og:type\" content=\"article\" \/>\n<meta property=\"og:title\" content=\"Causas de la Violencia - Guia de Paz Personal\" \/>\n<meta property=\"og:description\" content=\"Padecer de Inmadurez Emocional. Esta es la causa m\u00e1s importante y la m\u00e1s invisible de todos los factores que generan\" \/>\n<meta property=\"og:url\" content=\"https:\/\/culturaneuroactiva.com\/site\/guiadepaz\/causas-de-la-violencia\/\" \/>\n<meta property=\"og:site_name\" content=\"Guia de Paz Personal\" \/>\n<meta property=\"article:modified_time\" content=\"2017-09-05T04:58:22+00:00\" \/>\n<meta property=\"og:image\" content=\"http:\/\/culturaneuroactiva.com\/site\/wp-content\/uploads\/2016\/03\/creative-comons-300x105.png\" \/>\n<meta name=\"twitter:card\" content=\"summary_large_image\" \/>\n<meta name=\"twitter:label1\" content=\"Tiempo de lectura\" \/>\n\t<meta name=\"twitter:data1\" content=\"8 minutos\" \/>\n<script type=\"application\/ld+json\" class=\"yoast-schema-graph\">{\"@context\":\"https:\/\/schema.org\",\"@graph\":[{\"@type\":\"WebPage\",\"@id\":\"https:\/\/culturaneuroactiva.com\/site\/guiadepaz\/causas-de-la-violencia\/\",\"url\":\"https:\/\/culturaneuroactiva.com\/site\/guiadepaz\/causas-de-la-violencia\/\",\"name\":\"Causas de la Violencia - Guia de Paz Personal\",\"isPartOf\":{\"@id\":\"https:\/\/culturaneuroactiva.com\/site\/guiadepaz\/#website\"},\"primaryImageOfPage\":{\"@id\":\"https:\/\/culturaneuroactiva.com\/site\/guiadepaz\/causas-de-la-violencia\/#primaryimage\"},\"image\":{\"@id\":\"https:\/\/culturaneuroactiva.com\/site\/guiadepaz\/causas-de-la-violencia\/#primaryimage\"},\"thumbnailUrl\":\"http:\/\/culturaneuroactiva.com\/site\/wp-content\/uploads\/2016\/03\/creative-comons-300x105.png\",\"datePublished\":\"2017-05-17T18:53:21+00:00\",\"dateModified\":\"2017-09-05T04:58:22+00:00\",\"breadcrumb\":{\"@id\":\"https:\/\/culturaneuroactiva.com\/site\/guiadepaz\/causas-de-la-violencia\/#breadcrumb\"},\"inLanguage\":\"es\",\"potentialAction\":[{\"@type\":\"ReadAction\",\"target\":[\"https:\/\/culturaneuroactiva.com\/site\/guiadepaz\/causas-de-la-violencia\/\"]}]},{\"@type\":\"ImageObject\",\"inLanguage\":\"es\",\"@id\":\"https:\/\/culturaneuroactiva.com\/site\/guiadepaz\/causas-de-la-violencia\/#primaryimage\",\"url\":\"http:\/\/culturaneuroactiva.com\/site\/wp-content\/uploads\/2016\/03\/creative-comons-300x105.png\",\"contentUrl\":\"http:\/\/culturaneuroactiva.com\/site\/wp-content\/uploads\/2016\/03\/creative-comons-300x105.png\"},{\"@type\":\"BreadcrumbList\",\"@id\":\"https:\/\/culturaneuroactiva.com\/site\/guiadepaz\/causas-de-la-violencia\/#breadcrumb\",\"itemListElement\":[{\"@type\":\"ListItem\",\"position\":1,\"name\":\"Portada\",\"item\":\"https:\/\/culturaneuroactiva.com\/site\/guiadepaz\/\"},{\"@type\":\"ListItem\",\"position\":2,\"name\":\"Causas de la Violencia\"}]},{\"@type\":\"WebSite\",\"@id\":\"https:\/\/culturaneuroactiva.com\/site\/guiadepaz\/#website\",\"url\":\"https:\/\/culturaneuroactiva.com\/site\/guiadepaz\/\",\"name\":\"Guia de Paz Personal\",\"description\":\"Pedagog\u00edas y Terapias de Paz\",\"publisher\":{\"@id\":\"https:\/\/culturaneuroactiva.com\/site\/guiadepaz\/#organization\"},\"potentialAction\":[{\"@type\":\"SearchAction\",\"target\":{\"@type\":\"EntryPoint\",\"urlTemplate\":\"https:\/\/culturaneuroactiva.com\/site\/guiadepaz\/?s={search_term_string}\"},\"query-input\":{\"@type\":\"PropertyValueSpecification\",\"valueRequired\":true,\"valueName\":\"search_term_string\"}}],\"inLanguage\":\"es\"},{\"@type\":\"Organization\",\"@id\":\"https:\/\/culturaneuroactiva.com\/site\/guiadepaz\/#organization\",\"name\":\"Guia de Paz Personal\",\"url\":\"https:\/\/culturaneuroactiva.com\/site\/guiadepaz\/\",\"logo\":{\"@type\":\"ImageObject\",\"inLanguage\":\"es\",\"@id\":\"https:\/\/culturaneuroactiva.com\/site\/guiadepaz\/#\/schema\/logo\/image\/\",\"url\":\"https:\/\/culturaneuroactiva.com\/site\/guiadepaz\/wp-content\/uploads\/sites\/5\/2017\/04\/map_128p.png\",\"contentUrl\":\"https:\/\/culturaneuroactiva.com\/site\/guiadepaz\/wp-content\/uploads\/sites\/5\/2017\/04\/map_128p.png\",\"width\":128,\"height\":128,\"caption\":\"Guia de Paz Personal\"},\"image\":{\"@id\":\"https:\/\/culturaneuroactiva.com\/site\/guiadepaz\/#\/schema\/logo\/image\/\"}}]}<\/script>\n<!-- \/ Yoast SEO plugin. -->","yoast_head_json":{"title":"Causas de la Violencia - Guia de Paz Personal","robots":{"index":"index","follow":"follow","max-snippet":"max-snippet:-1","max-image-preview":"max-image-preview:large","max-video-preview":"max-video-preview:-1"},"canonical":"https:\/\/culturaneuroactiva.com\/site\/guiadepaz\/causas-de-la-violencia\/","og_locale":"es_ES","og_type":"article","og_title":"Causas de la Violencia - Guia de Paz Personal","og_description":"Padecer de Inmadurez Emocional. Esta es la causa m\u00e1s importante y la m\u00e1s invisible de todos los factores que generan","og_url":"https:\/\/culturaneuroactiva.com\/site\/guiadepaz\/causas-de-la-violencia\/","og_site_name":"Guia de Paz Personal","article_modified_time":"2017-09-05T04:58:22+00:00","og_image":[{"url":"http:\/\/culturaneuroactiva.com\/site\/wp-content\/uploads\/2016\/03\/creative-comons-300x105.png","type":"","width":"","height":""}],"twitter_card":"summary_large_image","twitter_misc":{"Tiempo de lectura":"8 minutos"},"schema":{"@context":"https:\/\/schema.org","@graph":[{"@type":"WebPage","@id":"https:\/\/culturaneuroactiva.com\/site\/guiadepaz\/causas-de-la-violencia\/","url":"https:\/\/culturaneuroactiva.com\/site\/guiadepaz\/causas-de-la-violencia\/","name":"Causas de la Violencia - Guia de Paz Personal","isPartOf":{"@id":"https:\/\/culturaneuroactiva.com\/site\/guiadepaz\/#website"},"primaryImageOfPage":{"@id":"https:\/\/culturaneuroactiva.com\/site\/guiadepaz\/causas-de-la-violencia\/#primaryimage"},"image":{"@id":"https:\/\/culturaneuroactiva.com\/site\/guiadepaz\/causas-de-la-violencia\/#primaryimage"},"thumbnailUrl":"http:\/\/culturaneuroactiva.com\/site\/wp-content\/uploads\/2016\/03\/creative-comons-300x105.png","datePublished":"2017-05-17T18:53:21+00:00","dateModified":"2017-09-05T04:58:22+00:00","breadcrumb":{"@id":"https:\/\/culturaneuroactiva.com\/site\/guiadepaz\/causas-de-la-violencia\/#breadcrumb"},"inLanguage":"es","potentialAction":[{"@type":"ReadAction","target":["https:\/\/culturaneuroactiva.com\/site\/guiadepaz\/causas-de-la-violencia\/"]}]},{"@type":"ImageObject","inLanguage":"es","@id":"https:\/\/culturaneuroactiva.com\/site\/guiadepaz\/causas-de-la-violencia\/#primaryimage","url":"http:\/\/culturaneuroactiva.com\/site\/wp-content\/uploads\/2016\/03\/creative-comons-300x105.png","contentUrl":"http:\/\/culturaneuroactiva.com\/site\/wp-content\/uploads\/2016\/03\/creative-comons-300x105.png"},{"@type":"BreadcrumbList","@id":"https:\/\/culturaneuroactiva.com\/site\/guiadepaz\/causas-de-la-violencia\/#breadcrumb","itemListElement":[{"@type":"ListItem","position":1,"name":"Portada","item":"https:\/\/culturaneuroactiva.com\/site\/guiadepaz\/"},{"@type":"ListItem","position":2,"name":"Causas de la Violencia"}]},{"@type":"WebSite","@id":"https:\/\/culturaneuroactiva.com\/site\/guiadepaz\/#website","url":"https:\/\/culturaneuroactiva.com\/site\/guiadepaz\/","name":"Guia de Paz Personal","description":"Pedagog\u00edas y Terapias de Paz","publisher":{"@id":"https:\/\/culturaneuroactiva.com\/site\/guiadepaz\/#organization"},"potentialAction":[{"@type":"SearchAction","target":{"@type":"EntryPoint","urlTemplate":"https:\/\/culturaneuroactiva.com\/site\/guiadepaz\/?s={search_term_string}"},"query-input":{"@type":"PropertyValueSpecification","valueRequired":true,"valueName":"search_term_string"}}],"inLanguage":"es"},{"@type":"Organization","@id":"https:\/\/culturaneuroactiva.com\/site\/guiadepaz\/#organization","name":"Guia de Paz Personal","url":"https:\/\/culturaneuroactiva.com\/site\/guiadepaz\/","logo":{"@type":"ImageObject","inLanguage":"es","@id":"https:\/\/culturaneuroactiva.com\/site\/guiadepaz\/#\/schema\/logo\/image\/","url":"https:\/\/culturaneuroactiva.com\/site\/guiadepaz\/wp-content\/uploads\/sites\/5\/2017\/04\/map_128p.png","contentUrl":"https:\/\/culturaneuroactiva.com\/site\/guiadepaz\/wp-content\/uploads\/sites\/5\/2017\/04\/map_128p.png","width":128,"height":128,"caption":"Guia de Paz Personal"},"image":{"@id":"https:\/\/culturaneuroactiva.com\/site\/guiadepaz\/#\/schema\/logo\/image\/"}}]}},"_links":{"self":[{"href":"https:\/\/culturaneuroactiva.com\/site\/guiadepaz\/wp-json\/wp\/v2\/pages\/359","targetHints":{"allow":["GET"]}}],"collection":[{"href":"https:\/\/culturaneuroactiva.com\/site\/guiadepaz\/wp-json\/wp\/v2\/pages"}],"about":[{"href":"https:\/\/culturaneuroactiva.com\/site\/guiadepaz\/wp-json\/wp\/v2\/types\/page"}],"author":[{"embeddable":true,"href":"https:\/\/culturaneuroactiva.com\/site\/guiadepaz\/wp-json\/wp\/v2\/users\/1"}],"replies":[{"embeddable":true,"href":"https:\/\/culturaneuroactiva.com\/site\/guiadepaz\/wp-json\/wp\/v2\/comments?post=359"}],"version-history":[{"count":3,"href":"https:\/\/culturaneuroactiva.com\/site\/guiadepaz\/wp-json\/wp\/v2\/pages\/359\/revisions"}],"predecessor-version":[{"id":600,"href":"https:\/\/culturaneuroactiva.com\/site\/guiadepaz\/wp-json\/wp\/v2\/pages\/359\/revisions\/600"}],"wp:attachment":[{"href":"https:\/\/culturaneuroactiva.com\/site\/guiadepaz\/wp-json\/wp\/v2\/media?parent=359"}],"curies":[{"name":"wp","href":"https:\/\/api.w.org\/{rel}","templated":true}]}}