{"id":293,"date":"2017-04-28T08:08:19","date_gmt":"2017-04-28T08:08:19","guid":{"rendered":"http:\/\/culturaneuroactiva.com\/site\/redpaz\/?page_id=293"},"modified":"2021-04-19T23:46:29","modified_gmt":"2021-04-19T23:46:29","slug":"contexto-de-la-violencia","status":"publish","type":"page","link":"https:\/\/culturaneuroactiva.com\/site\/guiadepaz\/contexto-de-la-violencia\/","title":{"rendered":"Contexto de la Violencia"},"content":{"rendered":"<h4><\/h4>\n<h5><span style=\"color: #008080;\"><strong>Qu\u00e9 es la Paz<\/strong><\/span><\/h5>\n<h6>La paz total o integral significa estar lejos de los cuatro tipos de violencia: Violencia rural (guerrilla, insurgencia), violencia urbana (delincuencia com\u00fan, fronteras invisibles, extorsi\u00f3n), violencia dom\u00e9stica (abarca todos los entornos en los que se mueva la persona: familia, amigos, estudio, trabajo, diversi\u00f3n), y violencia interior (ese es el aspecto personal de la violencia: v\u00edctima-victimario, agresividad).<\/h6>\n<h6>As\u00ed como hay cuatro tipos de violencia, tambi\u00e9n hay cuatro tipos de paz: Paz rural, urbana, dom\u00e9stica e interior. Aunque estos cuatro tipos de paz se manifiesten de forma independiente, al interior est\u00e1n todos interrelacionados y crean la gran ecuaci\u00f3n de la paz integral. Por eso la paz no es algo que nos la vaya a traer alguien, ya que es algo tan complejo que cubre varios niveles. Lo que el gobierno deber\u00eda llamar paz, es al resultado de la reuni\u00f3n de los cuatro tipos de paz, o sea que lo que est\u00e1n resolviendo con la guerrilla es s\u00f3lo la violencia rural, pero esto no le hace nada a la violencia urbana ni a la violencia dom\u00e9stica, que son las que est\u00e1n poniendo una mayor cuota de muertos y de v\u00edctimas.<\/h6>\n<p>&nbsp;<\/p>\n<h5><span style=\"color: #008080;\"><strong>El Conflicto Humano\u00a0y sus Tres Partes B\u00e1sicas<\/strong><\/span><\/h5>\n<h6>El problema del conflicto humano se divide en tres partes: violencia, delincuencia e insurgencia. La principal diferencia entre estas tres instancias, es que la violencia busca venganza o justicia propia, la delincuencia busca dinero, y la insurgencia busca poder; y lo que tienen en com\u00fan es que las tres utilizan la fuerza y el miedo, y no les importa hacer da\u00f1o con tal de lograr sus objetivos.<\/h6>\n<h6>La violencia forma parte de los aspectos oscuros del ser humano, y se manifiesta como una reacci\u00f3n de enojo que es desproporcionada a la ofensa que la causa, por lo general se detona de forma instintiva frente a un agravio, negaci\u00f3n, contradicci\u00f3n o diferencia, y contiene agresividad f\u00edsica o psicol\u00f3gica, por lo que produce da\u00f1o a las dos partes del conflicto. La delincuencia corresponde a la ejecuci\u00f3n de actividades prohibidas e ilegales, con el objetivo b\u00e1sico del beneficio econ\u00f3mico. La insurgencia son los grupos armados al margen de la ley, que utilizan m\u00e9todos extremistas y crueles como mecanismo de presi\u00f3n para combatir contra el estado o contra otros grupos insurgentes.<\/h6>\n<p>&nbsp;<\/p>\n<h5><span style=\"color: #008080;\"><strong>Generalidades de la Delincuencia y la Insurgencia<\/strong><\/span><\/h5>\n<h6>La delincuencia corresponde a la ejecuci\u00f3n de actividades prohibidas e ilegales, con el objetivo b\u00e1sico del beneficio econ\u00f3mico. Los casos m\u00e1s conocidos de delincuencia son los siguientes: Corrupci\u00f3n, extorsi\u00f3n, narcotr\u00e1fico, robo, crimen, prostituci\u00f3n y contrabando. La causa de la delincuencia es una fusi\u00f3n de varios factores: Materialismo, capitalismo salvaje, pobreza, desempleo, falta de oportunidades, ambici\u00f3n, complacencia, b\u00fasqueda del \u201cdinero f\u00e1cil\u201d, cultura de la ilegalidad, deshumanizaci\u00f3n, falta de valores, valent\u00eda, liderazgo negativo, embarazo adolescente, propiedad privada y desigualdad. Nuestra sociedad y cultura est\u00e1n regidas por el capitalismo salvaje, y esto hace que las personas que son l\u00edderes negativos, cuando van a buscar dinero sean capaces de asumir los riesgos que implican todos los trabajos relacionados con el mercado negro y la cultura de la ilegalidad. Esta b\u00fasqueda del beneficio econ\u00f3mico sin importar las consecuencias, es lo que mueve la industria de la delincuencia, la cual alimenta otros fen\u00f3menos como el crimen y la inseguridad.<\/h6>\n<h6>Existen dos tipos de soluciones estructurales para la delincuencia, la primera es erradicar primero la pobreza, el desempleo y la falta de oportunidades, y la segunda consiste en un cambio de paradigma mental, en donde se haga una inversi\u00f3n de la escala de valores, para que la persona deje de ser tan regida por el inter\u00e9s econ\u00f3mico y el consumismo, y se empiece a regir m\u00e1s por aspectos esenciales e intereses altruistas.<\/h6>\n<h6>La insurgencia corresponde a los grupos armados al margen de la ley, que utilizan m\u00e9todos extremistas y crueles como mecanismo de presi\u00f3n para combatir contra el estado o contra otros grupos insurgentes. Los casos m\u00e1s conocidos de insurgencia son el de la guerrilla y los paramilitares. En su forma pura, la insurgencia se producen por rebeli\u00f3n ideol\u00f3gica contra los aspectos negativos del estado, y contra los gobiernos que promueven el consumismo y la desigualdad, pero en la actualidad los intereses ideol\u00f3gicos se combinan con los intereses econ\u00f3micos como el narcotr\u00e1fico. Lastimosamente, los ideales de justicia, libertad y de luchar por las clases menos favorecidas, que siempre han caracterizado a los movimientos de izquierda, parece que s\u00f3lo sirvieron para dar inicio a estas organizaciones armadas, ya que luego de creadas, estos noble ideales se quedaron en teor\u00eda y fueron reemplazados por la lucha por el poder, y por los intereses econ\u00f3micos producto de actividades il\u00edcitas como el narcotr\u00e1fico y la miner\u00eda ilegal, por lo que actualmente se les denomina narco-guerrilla.<\/h6>\n<p>&nbsp;<\/p>\n<h6>Art\u00edculos extra\u00eddos del libro:<\/h6>\n<h6>\u201cManual de Paz Personal\u201d.<\/h6>\n<h6>Autor: Juan David Silva Aguirre.<\/h6>\n<h6><img loading=\"lazy\" decoding=\"async\" class=\"alignnone wp-image-637\" src=\"http:\/\/culturaneuroactiva.com\/site\/wp-content\/uploads\/2016\/03\/creative-comons-300x105.png\" sizes=\"auto, (max-width: 97px) 100vw, 97px\" srcset=\"http:\/\/culturaneuroactiva.com\/site\/wp-content\/uploads\/2016\/03\/creative-comons-300x105.png 300w, http:\/\/culturaneuroactiva.com\/site\/wp-content\/uploads\/2016\/03\/creative-comons-392x141.png 392w, http:\/\/culturaneuroactiva.com\/site\/wp-content\/uploads\/2016\/03\/creative-comons-390x141.png 390w, http:\/\/culturaneuroactiva.com\/site\/wp-content\/uploads\/2016\/03\/creative-comons.png 403w\" alt=\"creative comons\" width=\"97\" height=\"34\" \/><\/h6>\n<h6>reddepazpersonal.gmail.com<\/h6>\n","protected":false},"excerpt":{"rendered":"<p>Qu\u00e9 es la Paz La paz total o integral significa estar lejos de los cuatro tipos de violencia: Violencia rural<\/p>\n","protected":false},"author":1,"featured_media":0,"parent":0,"menu_order":0,"comment_status":"closed","ping_status":"closed","template":"","meta":{"colormag_page_layout":"no_sidebar_content_centered","footnotes":""},"class_list":["post-293","page","type-page","status-publish","hentry"],"yoast_head":"<!-- This site is optimized with the Yoast SEO plugin v25.6 - https:\/\/yoast.com\/wordpress\/plugins\/seo\/ -->\n<title>Contexto de la Violencia - Guia de Paz Personal<\/title>\n<meta name=\"robots\" content=\"index, follow, max-snippet:-1, max-image-preview:large, max-video-preview:-1\" \/>\n<link rel=\"canonical\" href=\"https:\/\/culturaneuroactiva.com\/site\/guiadepaz\/contexto-de-la-violencia\/\" \/>\n<meta property=\"og:locale\" content=\"es_ES\" \/>\n<meta property=\"og:type\" content=\"article\" \/>\n<meta property=\"og:title\" content=\"Contexto de la Violencia - Guia de Paz Personal\" \/>\n<meta property=\"og:description\" content=\"Qu\u00e9 es la Paz La paz total o integral significa estar lejos de los cuatro tipos de violencia: Violencia rural\" \/>\n<meta property=\"og:url\" content=\"https:\/\/culturaneuroactiva.com\/site\/guiadepaz\/contexto-de-la-violencia\/\" \/>\n<meta property=\"og:site_name\" content=\"Guia de Paz Personal\" \/>\n<meta property=\"article:modified_time\" content=\"2021-04-19T23:46:29+00:00\" \/>\n<meta property=\"og:image\" content=\"http:\/\/culturaneuroactiva.com\/site\/wp-content\/uploads\/2016\/03\/creative-comons-300x105.png\" \/>\n<meta name=\"twitter:card\" content=\"summary_large_image\" \/>\n<meta name=\"twitter:label1\" content=\"Tiempo de lectura\" \/>\n\t<meta name=\"twitter:data1\" content=\"4 minutos\" \/>\n<script type=\"application\/ld+json\" class=\"yoast-schema-graph\">{\"@context\":\"https:\/\/schema.org\",\"@graph\":[{\"@type\":\"WebPage\",\"@id\":\"https:\/\/culturaneuroactiva.com\/site\/guiadepaz\/contexto-de-la-violencia\/\",\"url\":\"https:\/\/culturaneuroactiva.com\/site\/guiadepaz\/contexto-de-la-violencia\/\",\"name\":\"Contexto de la Violencia - Guia de Paz Personal\",\"isPartOf\":{\"@id\":\"https:\/\/culturaneuroactiva.com\/site\/guiadepaz\/#website\"},\"primaryImageOfPage\":{\"@id\":\"https:\/\/culturaneuroactiva.com\/site\/guiadepaz\/contexto-de-la-violencia\/#primaryimage\"},\"image\":{\"@id\":\"https:\/\/culturaneuroactiva.com\/site\/guiadepaz\/contexto-de-la-violencia\/#primaryimage\"},\"thumbnailUrl\":\"http:\/\/culturaneuroactiva.com\/site\/wp-content\/uploads\/2016\/03\/creative-comons-300x105.png\",\"datePublished\":\"2017-04-28T08:08:19+00:00\",\"dateModified\":\"2021-04-19T23:46:29+00:00\",\"breadcrumb\":{\"@id\":\"https:\/\/culturaneuroactiva.com\/site\/guiadepaz\/contexto-de-la-violencia\/#breadcrumb\"},\"inLanguage\":\"es\",\"potentialAction\":[{\"@type\":\"ReadAction\",\"target\":[\"https:\/\/culturaneuroactiva.com\/site\/guiadepaz\/contexto-de-la-violencia\/\"]}]},{\"@type\":\"ImageObject\",\"inLanguage\":\"es\",\"@id\":\"https:\/\/culturaneuroactiva.com\/site\/guiadepaz\/contexto-de-la-violencia\/#primaryimage\",\"url\":\"http:\/\/culturaneuroactiva.com\/site\/wp-content\/uploads\/2016\/03\/creative-comons-300x105.png\",\"contentUrl\":\"http:\/\/culturaneuroactiva.com\/site\/wp-content\/uploads\/2016\/03\/creative-comons-300x105.png\"},{\"@type\":\"BreadcrumbList\",\"@id\":\"https:\/\/culturaneuroactiva.com\/site\/guiadepaz\/contexto-de-la-violencia\/#breadcrumb\",\"itemListElement\":[{\"@type\":\"ListItem\",\"position\":1,\"name\":\"Portada\",\"item\":\"https:\/\/culturaneuroactiva.com\/site\/guiadepaz\/\"},{\"@type\":\"ListItem\",\"position\":2,\"name\":\"Contexto de la Violencia\"}]},{\"@type\":\"WebSite\",\"@id\":\"https:\/\/culturaneuroactiva.com\/site\/guiadepaz\/#website\",\"url\":\"https:\/\/culturaneuroactiva.com\/site\/guiadepaz\/\",\"name\":\"Guia de Paz Personal\",\"description\":\"Pedagog\u00edas y Terapias de Paz\",\"publisher\":{\"@id\":\"https:\/\/culturaneuroactiva.com\/site\/guiadepaz\/#organization\"},\"potentialAction\":[{\"@type\":\"SearchAction\",\"target\":{\"@type\":\"EntryPoint\",\"urlTemplate\":\"https:\/\/culturaneuroactiva.com\/site\/guiadepaz\/?s={search_term_string}\"},\"query-input\":{\"@type\":\"PropertyValueSpecification\",\"valueRequired\":true,\"valueName\":\"search_term_string\"}}],\"inLanguage\":\"es\"},{\"@type\":\"Organization\",\"@id\":\"https:\/\/culturaneuroactiva.com\/site\/guiadepaz\/#organization\",\"name\":\"Guia de Paz Personal\",\"url\":\"https:\/\/culturaneuroactiva.com\/site\/guiadepaz\/\",\"logo\":{\"@type\":\"ImageObject\",\"inLanguage\":\"es\",\"@id\":\"https:\/\/culturaneuroactiva.com\/site\/guiadepaz\/#\/schema\/logo\/image\/\",\"url\":\"https:\/\/culturaneuroactiva.com\/site\/guiadepaz\/wp-content\/uploads\/sites\/5\/2017\/04\/map_128p.png\",\"contentUrl\":\"https:\/\/culturaneuroactiva.com\/site\/guiadepaz\/wp-content\/uploads\/sites\/5\/2017\/04\/map_128p.png\",\"width\":128,\"height\":128,\"caption\":\"Guia de Paz Personal\"},\"image\":{\"@id\":\"https:\/\/culturaneuroactiva.com\/site\/guiadepaz\/#\/schema\/logo\/image\/\"}}]}<\/script>\n<!-- \/ Yoast SEO plugin. -->","yoast_head_json":{"title":"Contexto de la Violencia - Guia de Paz Personal","robots":{"index":"index","follow":"follow","max-snippet":"max-snippet:-1","max-image-preview":"max-image-preview:large","max-video-preview":"max-video-preview:-1"},"canonical":"https:\/\/culturaneuroactiva.com\/site\/guiadepaz\/contexto-de-la-violencia\/","og_locale":"es_ES","og_type":"article","og_title":"Contexto de la Violencia - Guia de Paz Personal","og_description":"Qu\u00e9 es la Paz La paz total o integral significa estar lejos de los cuatro tipos de violencia: Violencia rural","og_url":"https:\/\/culturaneuroactiva.com\/site\/guiadepaz\/contexto-de-la-violencia\/","og_site_name":"Guia de Paz Personal","article_modified_time":"2021-04-19T23:46:29+00:00","og_image":[{"url":"http:\/\/culturaneuroactiva.com\/site\/wp-content\/uploads\/2016\/03\/creative-comons-300x105.png","type":"","width":"","height":""}],"twitter_card":"summary_large_image","twitter_misc":{"Tiempo de lectura":"4 minutos"},"schema":{"@context":"https:\/\/schema.org","@graph":[{"@type":"WebPage","@id":"https:\/\/culturaneuroactiva.com\/site\/guiadepaz\/contexto-de-la-violencia\/","url":"https:\/\/culturaneuroactiva.com\/site\/guiadepaz\/contexto-de-la-violencia\/","name":"Contexto de la Violencia - Guia de Paz Personal","isPartOf":{"@id":"https:\/\/culturaneuroactiva.com\/site\/guiadepaz\/#website"},"primaryImageOfPage":{"@id":"https:\/\/culturaneuroactiva.com\/site\/guiadepaz\/contexto-de-la-violencia\/#primaryimage"},"image":{"@id":"https:\/\/culturaneuroactiva.com\/site\/guiadepaz\/contexto-de-la-violencia\/#primaryimage"},"thumbnailUrl":"http:\/\/culturaneuroactiva.com\/site\/wp-content\/uploads\/2016\/03\/creative-comons-300x105.png","datePublished":"2017-04-28T08:08:19+00:00","dateModified":"2021-04-19T23:46:29+00:00","breadcrumb":{"@id":"https:\/\/culturaneuroactiva.com\/site\/guiadepaz\/contexto-de-la-violencia\/#breadcrumb"},"inLanguage":"es","potentialAction":[{"@type":"ReadAction","target":["https:\/\/culturaneuroactiva.com\/site\/guiadepaz\/contexto-de-la-violencia\/"]}]},{"@type":"ImageObject","inLanguage":"es","@id":"https:\/\/culturaneuroactiva.com\/site\/guiadepaz\/contexto-de-la-violencia\/#primaryimage","url":"http:\/\/culturaneuroactiva.com\/site\/wp-content\/uploads\/2016\/03\/creative-comons-300x105.png","contentUrl":"http:\/\/culturaneuroactiva.com\/site\/wp-content\/uploads\/2016\/03\/creative-comons-300x105.png"},{"@type":"BreadcrumbList","@id":"https:\/\/culturaneuroactiva.com\/site\/guiadepaz\/contexto-de-la-violencia\/#breadcrumb","itemListElement":[{"@type":"ListItem","position":1,"name":"Portada","item":"https:\/\/culturaneuroactiva.com\/site\/guiadepaz\/"},{"@type":"ListItem","position":2,"name":"Contexto de la Violencia"}]},{"@type":"WebSite","@id":"https:\/\/culturaneuroactiva.com\/site\/guiadepaz\/#website","url":"https:\/\/culturaneuroactiva.com\/site\/guiadepaz\/","name":"Guia de Paz Personal","description":"Pedagog\u00edas y Terapias de Paz","publisher":{"@id":"https:\/\/culturaneuroactiva.com\/site\/guiadepaz\/#organization"},"potentialAction":[{"@type":"SearchAction","target":{"@type":"EntryPoint","urlTemplate":"https:\/\/culturaneuroactiva.com\/site\/guiadepaz\/?s={search_term_string}"},"query-input":{"@type":"PropertyValueSpecification","valueRequired":true,"valueName":"search_term_string"}}],"inLanguage":"es"},{"@type":"Organization","@id":"https:\/\/culturaneuroactiva.com\/site\/guiadepaz\/#organization","name":"Guia de Paz Personal","url":"https:\/\/culturaneuroactiva.com\/site\/guiadepaz\/","logo":{"@type":"ImageObject","inLanguage":"es","@id":"https:\/\/culturaneuroactiva.com\/site\/guiadepaz\/#\/schema\/logo\/image\/","url":"https:\/\/culturaneuroactiva.com\/site\/guiadepaz\/wp-content\/uploads\/sites\/5\/2017\/04\/map_128p.png","contentUrl":"https:\/\/culturaneuroactiva.com\/site\/guiadepaz\/wp-content\/uploads\/sites\/5\/2017\/04\/map_128p.png","width":128,"height":128,"caption":"Guia de Paz Personal"},"image":{"@id":"https:\/\/culturaneuroactiva.com\/site\/guiadepaz\/#\/schema\/logo\/image\/"}}]}},"_links":{"self":[{"href":"https:\/\/culturaneuroactiva.com\/site\/guiadepaz\/wp-json\/wp\/v2\/pages\/293","targetHints":{"allow":["GET"]}}],"collection":[{"href":"https:\/\/culturaneuroactiva.com\/site\/guiadepaz\/wp-json\/wp\/v2\/pages"}],"about":[{"href":"https:\/\/culturaneuroactiva.com\/site\/guiadepaz\/wp-json\/wp\/v2\/types\/page"}],"author":[{"embeddable":true,"href":"https:\/\/culturaneuroactiva.com\/site\/guiadepaz\/wp-json\/wp\/v2\/users\/1"}],"replies":[{"embeddable":true,"href":"https:\/\/culturaneuroactiva.com\/site\/guiadepaz\/wp-json\/wp\/v2\/comments?post=293"}],"version-history":[{"count":13,"href":"https:\/\/culturaneuroactiva.com\/site\/guiadepaz\/wp-json\/wp\/v2\/pages\/293\/revisions"}],"predecessor-version":[{"id":799,"href":"https:\/\/culturaneuroactiva.com\/site\/guiadepaz\/wp-json\/wp\/v2\/pages\/293\/revisions\/799"}],"wp:attachment":[{"href":"https:\/\/culturaneuroactiva.com\/site\/guiadepaz\/wp-json\/wp\/v2\/media?parent=293"}],"curies":[{"name":"wp","href":"https:\/\/api.w.org\/{rel}","templated":true}]}}