{"id":233,"date":"2017-04-28T03:19:41","date_gmt":"2017-04-28T03:19:41","guid":{"rendered":"http:\/\/culturaneuroactiva.com\/site\/redpaz\/?page_id=233"},"modified":"2019-01-15T03:44:16","modified_gmt":"2019-01-15T03:44:16","slug":"autoterapia-para-agresores","status":"publish","type":"page","link":"https:\/\/culturaneuroactiva.com\/site\/guiadepaz\/autoterapia-para-agresores\/","title":{"rendered":"Autoterapia para Agresores"},"content":{"rendered":"<h6><\/h6>\n<h6><span style=\"color: #333399;\"><strong>Modo de Uso<\/strong><\/span><\/h6>\n<h6><span style=\"color: #000000;\">Luego de responder la pregunta que est\u00e1 a continuaci\u00f3n, debe hacer la lectura sobre <a href=\"http:\/\/culturaneuroactiva.com\/site\/guiadepaz\/clases-de-agresores\/\" target=\"_blank\" rel=\"noopener noreferrer\">\u201cclases de agresores\u201d<\/a> y elegir cuales de \u00e9stos corresponden a su caso, luego debe tener en cuenta los numerales de las respuestas que di\u00f3, y leer s\u00f3lo esos numerales en las dos lecturas siguientes: <a href=\"http:\/\/culturaneuroactiva.com\/site\/guiadepaz\/causas-de-la-violencia\/\" target=\"_blank\" rel=\"noopener noreferrer\">\u201ccausas de la violencia\u201d<\/a> y <a href=\"http:\/\/culturaneuroactiva.com\/site\/guiadepaz\/como-sanar-las-causas-de-la-violencia\/\" target=\"_blank\" rel=\"noopener noreferrer\">\u201cc\u00f3mo sanar las causas de la violencia\u201d<\/a>, con el objetivo de aplicar estas t\u00e9cnicas en su vida cotidiana hasta que logre convertirlas en h\u00e1bitos. \u00a0A quienes realicen esta autoterapia, se les recomienda que tambi\u00e9n realicen la <a href=\"http:\/\/culturaneuroactiva.com\/site\/guiadepaz\/autoterapia-para-los-niveles-de-violencia\/\" target=\"_blank\" rel=\"noopener noreferrer\">\u201cautoterapia para los niveles de violencia\u201d<\/a>.<\/span><\/h6>\n<p>&nbsp;<\/p>\n<h6><span style=\"color: #333399;\"><strong>De las siguientes circunstancias y factores que generan violencia, se\u00f1ale las situaciones con las que m\u00e1s se identifique (pueden ser var<span style=\"color: #333399;\">ias).<\/span><\/strong><\/span><\/h6>\n<ol>\n<li>Cuando algo le sale mal, le da un enojo y una rabia que no es capaz de controlar y manifiesta directamente.<\/li>\n<li>Cuando se siente amenazado reacciona con agresividad, se defiende con total pasi\u00f3n y hace justicia en medio de la rabia.<\/li>\n<li>No aguanta una posici\u00f3n diferente a la propia, y no tolera cuando ve algo que no le gusta, por lo que reacciona huyendo o peleando.<\/li>\n<li>Los aspectos negativos del mundo lo alteran negativamente, y por eso siente que la realidad se le sale de control.<\/li>\n<li>Le dura mucho tiempo el disgusto y no logra armonizarse con facilidad.<\/li>\n<li>No reconoce su pesimismo, se centra en el aspecto negativo de las cosas, se queja constantemente de lo que le pasa y hasta tiene visiones catastr\u00f3ficas de la realidad.<\/li>\n<li>No se reconoce como una persona violenta o lo justifica, y el da\u00f1o que hace a otros no le genera culpa sino que lo interpreta como justicia.<\/li>\n<li>Considera que por ser l\u00edder se merece respeto, y utiliza el temor para hacerse respetar, hasta el punto que los dem\u00e1s lo consideran insensible o soberbio.<\/li>\n<li>Se siente vulnerable, se encuentra en crisis desde hace mucho tiempo o vive en una situaci\u00f3n de estr\u00e9s permanente.<\/li>\n<li>Vive centrado en s\u00ed mismo, no piensa en los dem\u00e1s, act\u00faa por inter\u00e9s y no tolera el aspecto negativo de las cosas.<\/li>\n<li>Esta de acuerdo con el sistema y siente que encaja con el mundo.<\/li>\n<li>Le da pavor perder las cosas que ama, ya que se siente d\u00e9bil interiormente.<\/li>\n<li>El sinsentido, la vulnerabilidad y la falta de oportunidades, le hacer tener una actitud desinteresada y agresiva.<\/li>\n<li>Ve o utiliza la violencia como una forma de superioridad y de hacerse respetar.<\/li>\n<li>Cree que la violencia es \u00fatil dentro del marco de la delincuencia y la ilegalidad.<\/li>\n<li>Est\u00e1 desconectado de la espiritualidad, por lo tanto no tiene fe en nada invisible, y esto hace que cuando las presiones del mundo acosan el desespero sea la \u00fanica opci\u00f3n.<\/li>\n<li>Al ver la ineficiencia del estado para hacer justicia en Colombia, entonces cuando siente agresiones o ve sus derechos vulnerados prefiere aplicar la justicia por mano propia.<\/li>\n<li>Ve que con los a\u00f1os se ha vuelto m\u00e1s mal genio y menos tolerante.<\/li>\n<li>Desconoce las causas de la violencia, por lo tanto cree que su problema de agresividad es m\u00e1s de desconocimiento que de mala intenci\u00f3n.<\/li>\n<\/ol>\n<p>&nbsp;<\/p>\n<p>&nbsp;<\/p>\n<p>Art\u00edculo extra\u00eddo del libro:<\/p>\n<p>\u201cManual de Paz Personal\u201d.<\/p>\n<p>Autor: Juan David Silva Aguirre.<\/p>\n<p><img loading=\"lazy\" decoding=\"async\" class=\"alignnone wp-image-637\" src=\"http:\/\/culturaneuroactiva.com\/site\/wp-content\/uploads\/2016\/03\/creative-comons-300x105.png\" sizes=\"auto, (max-width: 97px) 100vw, 97px\" srcset=\"http:\/\/culturaneuroactiva.com\/site\/wp-content\/uploads\/2016\/03\/creative-comons-300x105.png 300w, http:\/\/culturaneuroactiva.com\/site\/wp-content\/uploads\/2016\/03\/creative-comons-392x141.png 392w, http:\/\/culturaneuroactiva.com\/site\/wp-content\/uploads\/2016\/03\/creative-comons-390x141.png 390w, http:\/\/culturaneuroactiva.com\/site\/wp-content\/uploads\/2016\/03\/creative-comons.png 403w\" alt=\"creative comons\" width=\"97\" height=\"34\" \/><\/p>\n<p>Red de Paz Personal: <a href=\"http:\/\/culturaneuroactiva.com\/site\/redpaz\/terapias-de-paz\/\">Terapias de Paz<\/a>.<\/p>\n<p>reddepazpersonal@gmail.com<\/p>\n<p>redpaz.culturaneuroactiva.com<\/p>\n<p>Medell\u00edn \u2013 Colombia<\/p>\n<p>&nbsp;<\/p>\n<h1 style=\"text-align: center;\"><\/h1>\n","protected":false},"excerpt":{"rendered":"<p>Modo de Uso Luego de responder la pregunta que est\u00e1 a continuaci\u00f3n, debe hacer la lectura sobre \u201cclases de agresores\u201d<\/p>\n","protected":false},"author":1,"featured_media":0,"parent":0,"menu_order":0,"comment_status":"closed","ping_status":"closed","template":"","meta":{"colormag_page_layout":"no_sidebar_content_centered","footnotes":""},"class_list":["post-233","page","type-page","status-publish","hentry"],"yoast_head":"<!-- This site is optimized with the Yoast SEO plugin v25.6 - https:\/\/yoast.com\/wordpress\/plugins\/seo\/ -->\n<title>Autoterapia para Agresores - Guia de Paz Personal<\/title>\n<meta name=\"robots\" content=\"index, follow, max-snippet:-1, max-image-preview:large, max-video-preview:-1\" \/>\n<link rel=\"canonical\" href=\"https:\/\/culturaneuroactiva.com\/site\/guiadepaz\/autoterapia-para-agresores\/\" \/>\n<meta property=\"og:locale\" content=\"es_ES\" \/>\n<meta property=\"og:type\" content=\"article\" \/>\n<meta property=\"og:title\" content=\"Autoterapia para Agresores - Guia de Paz Personal\" \/>\n<meta property=\"og:description\" content=\"Modo de Uso Luego de responder la pregunta que est\u00e1 a continuaci\u00f3n, debe hacer la lectura sobre \u201cclases de agresores\u201d\" \/>\n<meta property=\"og:url\" content=\"https:\/\/culturaneuroactiva.com\/site\/guiadepaz\/autoterapia-para-agresores\/\" \/>\n<meta property=\"og:site_name\" content=\"Guia de Paz Personal\" \/>\n<meta property=\"article:modified_time\" content=\"2019-01-15T03:44:16+00:00\" \/>\n<meta property=\"og:image\" content=\"http:\/\/culturaneuroactiva.com\/site\/wp-content\/uploads\/2016\/03\/creative-comons-300x105.png\" \/>\n<meta name=\"twitter:card\" content=\"summary_large_image\" \/>\n<meta name=\"twitter:label1\" content=\"Tiempo de lectura\" \/>\n\t<meta name=\"twitter:data1\" content=\"3 minutos\" \/>\n<script type=\"application\/ld+json\" class=\"yoast-schema-graph\">{\"@context\":\"https:\/\/schema.org\",\"@graph\":[{\"@type\":\"WebPage\",\"@id\":\"https:\/\/culturaneuroactiva.com\/site\/guiadepaz\/autoterapia-para-agresores\/\",\"url\":\"https:\/\/culturaneuroactiva.com\/site\/guiadepaz\/autoterapia-para-agresores\/\",\"name\":\"Autoterapia para Agresores - Guia de Paz Personal\",\"isPartOf\":{\"@id\":\"https:\/\/culturaneuroactiva.com\/site\/guiadepaz\/#website\"},\"primaryImageOfPage\":{\"@id\":\"https:\/\/culturaneuroactiva.com\/site\/guiadepaz\/autoterapia-para-agresores\/#primaryimage\"},\"image\":{\"@id\":\"https:\/\/culturaneuroactiva.com\/site\/guiadepaz\/autoterapia-para-agresores\/#primaryimage\"},\"thumbnailUrl\":\"http:\/\/culturaneuroactiva.com\/site\/wp-content\/uploads\/2016\/03\/creative-comons-300x105.png\",\"datePublished\":\"2017-04-28T03:19:41+00:00\",\"dateModified\":\"2019-01-15T03:44:16+00:00\",\"breadcrumb\":{\"@id\":\"https:\/\/culturaneuroactiva.com\/site\/guiadepaz\/autoterapia-para-agresores\/#breadcrumb\"},\"inLanguage\":\"es\",\"potentialAction\":[{\"@type\":\"ReadAction\",\"target\":[\"https:\/\/culturaneuroactiva.com\/site\/guiadepaz\/autoterapia-para-agresores\/\"]}]},{\"@type\":\"ImageObject\",\"inLanguage\":\"es\",\"@id\":\"https:\/\/culturaneuroactiva.com\/site\/guiadepaz\/autoterapia-para-agresores\/#primaryimage\",\"url\":\"http:\/\/culturaneuroactiva.com\/site\/wp-content\/uploads\/2016\/03\/creative-comons-300x105.png\",\"contentUrl\":\"http:\/\/culturaneuroactiva.com\/site\/wp-content\/uploads\/2016\/03\/creative-comons-300x105.png\"},{\"@type\":\"BreadcrumbList\",\"@id\":\"https:\/\/culturaneuroactiva.com\/site\/guiadepaz\/autoterapia-para-agresores\/#breadcrumb\",\"itemListElement\":[{\"@type\":\"ListItem\",\"position\":1,\"name\":\"Portada\",\"item\":\"https:\/\/culturaneuroactiva.com\/site\/guiadepaz\/\"},{\"@type\":\"ListItem\",\"position\":2,\"name\":\"Autoterapia para Agresores\"}]},{\"@type\":\"WebSite\",\"@id\":\"https:\/\/culturaneuroactiva.com\/site\/guiadepaz\/#website\",\"url\":\"https:\/\/culturaneuroactiva.com\/site\/guiadepaz\/\",\"name\":\"Guia de Paz Personal\",\"description\":\"Pedagog\u00edas y Terapias de Paz\",\"publisher\":{\"@id\":\"https:\/\/culturaneuroactiva.com\/site\/guiadepaz\/#organization\"},\"potentialAction\":[{\"@type\":\"SearchAction\",\"target\":{\"@type\":\"EntryPoint\",\"urlTemplate\":\"https:\/\/culturaneuroactiva.com\/site\/guiadepaz\/?s={search_term_string}\"},\"query-input\":{\"@type\":\"PropertyValueSpecification\",\"valueRequired\":true,\"valueName\":\"search_term_string\"}}],\"inLanguage\":\"es\"},{\"@type\":\"Organization\",\"@id\":\"https:\/\/culturaneuroactiva.com\/site\/guiadepaz\/#organization\",\"name\":\"Guia de Paz Personal\",\"url\":\"https:\/\/culturaneuroactiva.com\/site\/guiadepaz\/\",\"logo\":{\"@type\":\"ImageObject\",\"inLanguage\":\"es\",\"@id\":\"https:\/\/culturaneuroactiva.com\/site\/guiadepaz\/#\/schema\/logo\/image\/\",\"url\":\"https:\/\/culturaneuroactiva.com\/site\/guiadepaz\/wp-content\/uploads\/sites\/5\/2017\/04\/map_128p.png\",\"contentUrl\":\"https:\/\/culturaneuroactiva.com\/site\/guiadepaz\/wp-content\/uploads\/sites\/5\/2017\/04\/map_128p.png\",\"width\":128,\"height\":128,\"caption\":\"Guia de Paz Personal\"},\"image\":{\"@id\":\"https:\/\/culturaneuroactiva.com\/site\/guiadepaz\/#\/schema\/logo\/image\/\"}}]}<\/script>\n<!-- \/ Yoast SEO plugin. -->","yoast_head_json":{"title":"Autoterapia para Agresores - Guia de Paz Personal","robots":{"index":"index","follow":"follow","max-snippet":"max-snippet:-1","max-image-preview":"max-image-preview:large","max-video-preview":"max-video-preview:-1"},"canonical":"https:\/\/culturaneuroactiva.com\/site\/guiadepaz\/autoterapia-para-agresores\/","og_locale":"es_ES","og_type":"article","og_title":"Autoterapia para Agresores - Guia de Paz Personal","og_description":"Modo de Uso Luego de responder la pregunta que est\u00e1 a continuaci\u00f3n, debe hacer la lectura sobre \u201cclases de agresores\u201d","og_url":"https:\/\/culturaneuroactiva.com\/site\/guiadepaz\/autoterapia-para-agresores\/","og_site_name":"Guia de Paz Personal","article_modified_time":"2019-01-15T03:44:16+00:00","og_image":[{"url":"http:\/\/culturaneuroactiva.com\/site\/wp-content\/uploads\/2016\/03\/creative-comons-300x105.png","type":"","width":"","height":""}],"twitter_card":"summary_large_image","twitter_misc":{"Tiempo de lectura":"3 minutos"},"schema":{"@context":"https:\/\/schema.org","@graph":[{"@type":"WebPage","@id":"https:\/\/culturaneuroactiva.com\/site\/guiadepaz\/autoterapia-para-agresores\/","url":"https:\/\/culturaneuroactiva.com\/site\/guiadepaz\/autoterapia-para-agresores\/","name":"Autoterapia para Agresores - Guia de Paz Personal","isPartOf":{"@id":"https:\/\/culturaneuroactiva.com\/site\/guiadepaz\/#website"},"primaryImageOfPage":{"@id":"https:\/\/culturaneuroactiva.com\/site\/guiadepaz\/autoterapia-para-agresores\/#primaryimage"},"image":{"@id":"https:\/\/culturaneuroactiva.com\/site\/guiadepaz\/autoterapia-para-agresores\/#primaryimage"},"thumbnailUrl":"http:\/\/culturaneuroactiva.com\/site\/wp-content\/uploads\/2016\/03\/creative-comons-300x105.png","datePublished":"2017-04-28T03:19:41+00:00","dateModified":"2019-01-15T03:44:16+00:00","breadcrumb":{"@id":"https:\/\/culturaneuroactiva.com\/site\/guiadepaz\/autoterapia-para-agresores\/#breadcrumb"},"inLanguage":"es","potentialAction":[{"@type":"ReadAction","target":["https:\/\/culturaneuroactiva.com\/site\/guiadepaz\/autoterapia-para-agresores\/"]}]},{"@type":"ImageObject","inLanguage":"es","@id":"https:\/\/culturaneuroactiva.com\/site\/guiadepaz\/autoterapia-para-agresores\/#primaryimage","url":"http:\/\/culturaneuroactiva.com\/site\/wp-content\/uploads\/2016\/03\/creative-comons-300x105.png","contentUrl":"http:\/\/culturaneuroactiva.com\/site\/wp-content\/uploads\/2016\/03\/creative-comons-300x105.png"},{"@type":"BreadcrumbList","@id":"https:\/\/culturaneuroactiva.com\/site\/guiadepaz\/autoterapia-para-agresores\/#breadcrumb","itemListElement":[{"@type":"ListItem","position":1,"name":"Portada","item":"https:\/\/culturaneuroactiva.com\/site\/guiadepaz\/"},{"@type":"ListItem","position":2,"name":"Autoterapia para Agresores"}]},{"@type":"WebSite","@id":"https:\/\/culturaneuroactiva.com\/site\/guiadepaz\/#website","url":"https:\/\/culturaneuroactiva.com\/site\/guiadepaz\/","name":"Guia de Paz Personal","description":"Pedagog\u00edas y Terapias de Paz","publisher":{"@id":"https:\/\/culturaneuroactiva.com\/site\/guiadepaz\/#organization"},"potentialAction":[{"@type":"SearchAction","target":{"@type":"EntryPoint","urlTemplate":"https:\/\/culturaneuroactiva.com\/site\/guiadepaz\/?s={search_term_string}"},"query-input":{"@type":"PropertyValueSpecification","valueRequired":true,"valueName":"search_term_string"}}],"inLanguage":"es"},{"@type":"Organization","@id":"https:\/\/culturaneuroactiva.com\/site\/guiadepaz\/#organization","name":"Guia de Paz Personal","url":"https:\/\/culturaneuroactiva.com\/site\/guiadepaz\/","logo":{"@type":"ImageObject","inLanguage":"es","@id":"https:\/\/culturaneuroactiva.com\/site\/guiadepaz\/#\/schema\/logo\/image\/","url":"https:\/\/culturaneuroactiva.com\/site\/guiadepaz\/wp-content\/uploads\/sites\/5\/2017\/04\/map_128p.png","contentUrl":"https:\/\/culturaneuroactiva.com\/site\/guiadepaz\/wp-content\/uploads\/sites\/5\/2017\/04\/map_128p.png","width":128,"height":128,"caption":"Guia de Paz Personal"},"image":{"@id":"https:\/\/culturaneuroactiva.com\/site\/guiadepaz\/#\/schema\/logo\/image\/"}}]}},"_links":{"self":[{"href":"https:\/\/culturaneuroactiva.com\/site\/guiadepaz\/wp-json\/wp\/v2\/pages\/233","targetHints":{"allow":["GET"]}}],"collection":[{"href":"https:\/\/culturaneuroactiva.com\/site\/guiadepaz\/wp-json\/wp\/v2\/pages"}],"about":[{"href":"https:\/\/culturaneuroactiva.com\/site\/guiadepaz\/wp-json\/wp\/v2\/types\/page"}],"author":[{"embeddable":true,"href":"https:\/\/culturaneuroactiva.com\/site\/guiadepaz\/wp-json\/wp\/v2\/users\/1"}],"replies":[{"embeddable":true,"href":"https:\/\/culturaneuroactiva.com\/site\/guiadepaz\/wp-json\/wp\/v2\/comments?post=233"}],"version-history":[{"count":24,"href":"https:\/\/culturaneuroactiva.com\/site\/guiadepaz\/wp-json\/wp\/v2\/pages\/233\/revisions"}],"predecessor-version":[{"id":748,"href":"https:\/\/culturaneuroactiva.com\/site\/guiadepaz\/wp-json\/wp\/v2\/pages\/233\/revisions\/748"}],"wp:attachment":[{"href":"https:\/\/culturaneuroactiva.com\/site\/guiadepaz\/wp-json\/wp\/v2\/media?parent=233"}],"curies":[{"name":"wp","href":"https:\/\/api.w.org\/{rel}","templated":true}]}}