{"id":244,"date":"2017-09-02T08:05:31","date_gmt":"2017-09-02T08:05:31","guid":{"rendered":"http:\/\/culturaneuroactiva.com\/site\/conexion\/?page_id=244"},"modified":"2017-09-14T00:27:30","modified_gmt":"2017-09-14T00:27:30","slug":"escuela-para-el-alma","status":"publish","type":"page","link":"https:\/\/culturaneuroactiva.com\/site\/conexiontrascendente\/escuela-para-el-alma\/","title":{"rendered":"Escuela para el Alma"},"content":{"rendered":"<h6><img loading=\"lazy\" decoding=\"async\" class=\" wp-image-264 aligncenter\" src=\"http:\/\/culturaneuroactiva.com\/site\/conexion\/wp-content\/uploads\/sites\/7\/2017\/09\/Graticultura-2-300x169.jpg\" alt=\"\" width=\"463\" height=\"261\" srcset=\"https:\/\/culturaneuroactiva.com\/site\/conexiontrascendente\/wp-content\/uploads\/sites\/7\/2017\/09\/Graticultura-2-300x169.jpg 300w, https:\/\/culturaneuroactiva.com\/site\/conexiontrascendente\/wp-content\/uploads\/sites\/7\/2017\/09\/Graticultura-2-768x434.jpg 768w, https:\/\/culturaneuroactiva.com\/site\/conexiontrascendente\/wp-content\/uploads\/sites\/7\/2017\/09\/Graticultura-2-600x339.jpg 600w, https:\/\/culturaneuroactiva.com\/site\/conexiontrascendente\/wp-content\/uploads\/sites\/7\/2017\/09\/Graticultura-2.jpg 960w\" sizes=\"auto, (max-width: 463px) 100vw, 463px\" \/><\/h6>\n<h6><span style=\"color: #008080;\">Conoce los diversos beneficios y aplicaciones de la mente, aprende a manejar el trance terap\u00e9utico por medio de las tecnolog\u00edas psicoespirituales, o especial\u00edzate en las diversas tem\u00e1ticas sobre misticismo personal y proceso interior, asistiendo a los talleres que ofrece Conexi\u00f3n Trascendente:<\/span><\/h6>\n<p>&nbsp;<\/p>\n<ul>\n<li>Nuevo enfoque en drogadicci\u00f3n y rehabilitaci\u00f3n.<\/li>\n<li>Trance terap\u00e9utico y tecnolog\u00edas psicoespirituales aplicadas.<\/li>\n<li>T\u00e9cnicas de conexi\u00f3n interior y misticismo personal.<\/li>\n<li>Manejo de habilidades mentales y arte de enso\u00f1ar.<\/li>\n<li>Ideas de activaci\u00f3n mental.<\/li>\n<li>Sabidur\u00eda ancestral y chamanismo urbano.<\/li>\n<li>Proceso interior y sistema evolutivo humano.<\/li>\n<li>Reconocimiento y manejo de trastornos mentales.<\/li>\n<li>Como manejar el trastorno de p\u00e1nico y el choque con el mundo.<\/li>\n<\/ul>\n<p>&nbsp;<\/p>\n<p><b style=\"line-height: inherit;\"><span style=\"color: #008080;\">Talleres.<\/span> <\/b><span style=\"line-height: inherit;\">4 horas: $120.000<\/span><\/p>\n<p><b><span style=\"color: #008080;\">Cursos.<\/span> <\/b>16 horas: $400.000<\/p>\n<p><b><span style=\"color: #008080;\">NOTA:<\/span> <\/b>Los talleres y cursos son personalizados. Descuentos del 15% para grupos.<\/p>\n<h6><\/h6>\n<p>&nbsp;<\/p>\n<h6><span style=\"color: #008080;\"><strong>Todos los servicios requieren cita previa:<\/strong><\/span><\/h6>\n<ul>\n<li><span style=\"line-height: 1.5;\">Est\u00e9 pendiente de los talleres grupales programados.<\/span><\/li>\n<li><span style=\"line-height: 1.5;\">Celular. 3127994357<\/span><\/li>\n<li>\u00a0conexion@culturaneuroactiva.com<\/li>\n<li>Cll.47B # 93A-25<\/li>\n<li>conexion.culturaneuroactiva.com<\/li>\n<\/ul>\n","protected":false},"excerpt":{"rendered":"<p>Conoce los diversos beneficios y aplicaciones de la mente, aprende a manejar el trance terap\u00e9utico por medio de las tecnolog\u00edas<\/p>\n","protected":false},"author":1,"featured_media":0,"parent":0,"menu_order":0,"comment_status":"closed","ping_status":"closed","template":"","meta":{"colormag_page_layout":"no_sidebar_content_centered","footnotes":""},"class_list":["post-244","page","type-page","status-publish","hentry"],"yoast_head":"<!-- This site is optimized with the Yoast SEO plugin v25.6 - https:\/\/yoast.com\/wordpress\/plugins\/seo\/ -->\n<title>Escuela para el Alma - Conexi\u00f3n Trascendente<\/title>\n<meta name=\"robots\" content=\"index, follow, max-snippet:-1, max-image-preview:large, max-video-preview:-1\" \/>\n<link rel=\"canonical\" href=\"https:\/\/culturaneuroactiva.com\/site\/conexiontrascendente\/escuela-para-el-alma\/\" \/>\n<meta property=\"og:locale\" content=\"es_ES\" \/>\n<meta property=\"og:type\" content=\"article\" \/>\n<meta property=\"og:title\" content=\"Escuela para el Alma - Conexi\u00f3n Trascendente\" \/>\n<meta property=\"og:description\" content=\"Conoce los diversos beneficios y aplicaciones de la mente, aprende a manejar el trance terap\u00e9utico por medio de las tecnolog\u00edas\" \/>\n<meta property=\"og:url\" content=\"https:\/\/culturaneuroactiva.com\/site\/conexiontrascendente\/escuela-para-el-alma\/\" \/>\n<meta property=\"og:site_name\" content=\"Conexi\u00f3n Trascendente\" \/>\n<meta property=\"article:modified_time\" content=\"2017-09-14T00:27:30+00:00\" \/>\n<meta property=\"og:image\" content=\"http:\/\/culturaneuroactiva.com\/site\/conexion\/wp-content\/uploads\/sites\/7\/2017\/09\/Graticultura-2-300x169.jpg\" \/>\n<meta name=\"twitter:card\" content=\"summary_large_image\" \/>\n<meta name=\"twitter:label1\" content=\"Tiempo de lectura\" \/>\n\t<meta name=\"twitter:data1\" content=\"1 minuto\" \/>\n<script type=\"application\/ld+json\" class=\"yoast-schema-graph\">{\"@context\":\"https:\/\/schema.org\",\"@graph\":[{\"@type\":\"WebPage\",\"@id\":\"https:\/\/culturaneuroactiva.com\/site\/conexiontrascendente\/escuela-para-el-alma\/\",\"url\":\"https:\/\/culturaneuroactiva.com\/site\/conexiontrascendente\/escuela-para-el-alma\/\",\"name\":\"Escuela para el Alma - Conexi\u00f3n Trascendente\",\"isPartOf\":{\"@id\":\"https:\/\/culturaneuroactiva.com\/site\/conexiontrascendente\/#website\"},\"primaryImageOfPage\":{\"@id\":\"https:\/\/culturaneuroactiva.com\/site\/conexiontrascendente\/escuela-para-el-alma\/#primaryimage\"},\"image\":{\"@id\":\"https:\/\/culturaneuroactiva.com\/site\/conexiontrascendente\/escuela-para-el-alma\/#primaryimage\"},\"thumbnailUrl\":\"http:\/\/culturaneuroactiva.com\/site\/conexion\/wp-content\/uploads\/sites\/7\/2017\/09\/Graticultura-2-300x169.jpg\",\"datePublished\":\"2017-09-02T08:05:31+00:00\",\"dateModified\":\"2017-09-14T00:27:30+00:00\",\"breadcrumb\":{\"@id\":\"https:\/\/culturaneuroactiva.com\/site\/conexiontrascendente\/escuela-para-el-alma\/#breadcrumb\"},\"inLanguage\":\"es\",\"potentialAction\":[{\"@type\":\"ReadAction\",\"target\":[\"https:\/\/culturaneuroactiva.com\/site\/conexiontrascendente\/escuela-para-el-alma\/\"]}]},{\"@type\":\"ImageObject\",\"inLanguage\":\"es\",\"@id\":\"https:\/\/culturaneuroactiva.com\/site\/conexiontrascendente\/escuela-para-el-alma\/#primaryimage\",\"url\":\"http:\/\/culturaneuroactiva.com\/site\/conexion\/wp-content\/uploads\/sites\/7\/2017\/09\/Graticultura-2-300x169.jpg\",\"contentUrl\":\"http:\/\/culturaneuroactiva.com\/site\/conexion\/wp-content\/uploads\/sites\/7\/2017\/09\/Graticultura-2-300x169.jpg\"},{\"@type\":\"BreadcrumbList\",\"@id\":\"https:\/\/culturaneuroactiva.com\/site\/conexiontrascendente\/escuela-para-el-alma\/#breadcrumb\",\"itemListElement\":[{\"@type\":\"ListItem\",\"position\":1,\"name\":\"Portada\",\"item\":\"https:\/\/culturaneuroactiva.com\/site\/conexiontrascendente\/\"},{\"@type\":\"ListItem\",\"position\":2,\"name\":\"Escuela para el Alma\"}]},{\"@type\":\"WebSite\",\"@id\":\"https:\/\/culturaneuroactiva.com\/site\/conexiontrascendente\/#website\",\"url\":\"https:\/\/culturaneuroactiva.com\/site\/conexiontrascendente\/\",\"name\":\"Conexi\u00f3n Trascendente\",\"description\":\"Servicios para el Alma\",\"publisher\":{\"@id\":\"https:\/\/culturaneuroactiva.com\/site\/conexiontrascendente\/#organization\"},\"potentialAction\":[{\"@type\":\"SearchAction\",\"target\":{\"@type\":\"EntryPoint\",\"urlTemplate\":\"https:\/\/culturaneuroactiva.com\/site\/conexiontrascendente\/?s={search_term_string}\"},\"query-input\":{\"@type\":\"PropertyValueSpecification\",\"valueRequired\":true,\"valueName\":\"search_term_string\"}}],\"inLanguage\":\"es\"},{\"@type\":\"Organization\",\"@id\":\"https:\/\/culturaneuroactiva.com\/site\/conexiontrascendente\/#organization\",\"name\":\"Conexi\u00f3n Trascendente\",\"url\":\"https:\/\/culturaneuroactiva.com\/site\/conexiontrascendente\/\",\"logo\":{\"@type\":\"ImageObject\",\"inLanguage\":\"es\",\"@id\":\"https:\/\/culturaneuroactiva.com\/site\/conexiontrascendente\/#\/schema\/logo\/image\/\",\"url\":\"https:\/\/culturaneuroactiva.com\/site\/conexiontrascendente\/wp-content\/uploads\/sites\/7\/2017\/06\/iconConexionTrascendente_128.png\",\"contentUrl\":\"https:\/\/culturaneuroactiva.com\/site\/conexiontrascendente\/wp-content\/uploads\/sites\/7\/2017\/06\/iconConexionTrascendente_128.png\",\"width\":128,\"height\":128,\"caption\":\"Conexi\u00f3n Trascendente\"},\"image\":{\"@id\":\"https:\/\/culturaneuroactiva.com\/site\/conexiontrascendente\/#\/schema\/logo\/image\/\"}}]}<\/script>\n<!-- \/ Yoast SEO plugin. -->","yoast_head_json":{"title":"Escuela para el Alma - Conexi\u00f3n Trascendente","robots":{"index":"index","follow":"follow","max-snippet":"max-snippet:-1","max-image-preview":"max-image-preview:large","max-video-preview":"max-video-preview:-1"},"canonical":"https:\/\/culturaneuroactiva.com\/site\/conexiontrascendente\/escuela-para-el-alma\/","og_locale":"es_ES","og_type":"article","og_title":"Escuela para el Alma - Conexi\u00f3n Trascendente","og_description":"Conoce los diversos beneficios y aplicaciones de la mente, aprende a manejar el trance terap\u00e9utico por medio de las tecnolog\u00edas","og_url":"https:\/\/culturaneuroactiva.com\/site\/conexiontrascendente\/escuela-para-el-alma\/","og_site_name":"Conexi\u00f3n Trascendente","article_modified_time":"2017-09-14T00:27:30+00:00","og_image":[{"url":"http:\/\/culturaneuroactiva.com\/site\/conexion\/wp-content\/uploads\/sites\/7\/2017\/09\/Graticultura-2-300x169.jpg","type":"","width":"","height":""}],"twitter_card":"summary_large_image","twitter_misc":{"Tiempo de lectura":"1 minuto"},"schema":{"@context":"https:\/\/schema.org","@graph":[{"@type":"WebPage","@id":"https:\/\/culturaneuroactiva.com\/site\/conexiontrascendente\/escuela-para-el-alma\/","url":"https:\/\/culturaneuroactiva.com\/site\/conexiontrascendente\/escuela-para-el-alma\/","name":"Escuela para el Alma - Conexi\u00f3n Trascendente","isPartOf":{"@id":"https:\/\/culturaneuroactiva.com\/site\/conexiontrascendente\/#website"},"primaryImageOfPage":{"@id":"https:\/\/culturaneuroactiva.com\/site\/conexiontrascendente\/escuela-para-el-alma\/#primaryimage"},"image":{"@id":"https:\/\/culturaneuroactiva.com\/site\/conexiontrascendente\/escuela-para-el-alma\/#primaryimage"},"thumbnailUrl":"http:\/\/culturaneuroactiva.com\/site\/conexion\/wp-content\/uploads\/sites\/7\/2017\/09\/Graticultura-2-300x169.jpg","datePublished":"2017-09-02T08:05:31+00:00","dateModified":"2017-09-14T00:27:30+00:00","breadcrumb":{"@id":"https:\/\/culturaneuroactiva.com\/site\/conexiontrascendente\/escuela-para-el-alma\/#breadcrumb"},"inLanguage":"es","potentialAction":[{"@type":"ReadAction","target":["https:\/\/culturaneuroactiva.com\/site\/conexiontrascendente\/escuela-para-el-alma\/"]}]},{"@type":"ImageObject","inLanguage":"es","@id":"https:\/\/culturaneuroactiva.com\/site\/conexiontrascendente\/escuela-para-el-alma\/#primaryimage","url":"http:\/\/culturaneuroactiva.com\/site\/conexion\/wp-content\/uploads\/sites\/7\/2017\/09\/Graticultura-2-300x169.jpg","contentUrl":"http:\/\/culturaneuroactiva.com\/site\/conexion\/wp-content\/uploads\/sites\/7\/2017\/09\/Graticultura-2-300x169.jpg"},{"@type":"BreadcrumbList","@id":"https:\/\/culturaneuroactiva.com\/site\/conexiontrascendente\/escuela-para-el-alma\/#breadcrumb","itemListElement":[{"@type":"ListItem","position":1,"name":"Portada","item":"https:\/\/culturaneuroactiva.com\/site\/conexiontrascendente\/"},{"@type":"ListItem","position":2,"name":"Escuela para el Alma"}]},{"@type":"WebSite","@id":"https:\/\/culturaneuroactiva.com\/site\/conexiontrascendente\/#website","url":"https:\/\/culturaneuroactiva.com\/site\/conexiontrascendente\/","name":"Conexi\u00f3n Trascendente","description":"Servicios para el Alma","publisher":{"@id":"https:\/\/culturaneuroactiva.com\/site\/conexiontrascendente\/#organization"},"potentialAction":[{"@type":"SearchAction","target":{"@type":"EntryPoint","urlTemplate":"https:\/\/culturaneuroactiva.com\/site\/conexiontrascendente\/?s={search_term_string}"},"query-input":{"@type":"PropertyValueSpecification","valueRequired":true,"valueName":"search_term_string"}}],"inLanguage":"es"},{"@type":"Organization","@id":"https:\/\/culturaneuroactiva.com\/site\/conexiontrascendente\/#organization","name":"Conexi\u00f3n Trascendente","url":"https:\/\/culturaneuroactiva.com\/site\/conexiontrascendente\/","logo":{"@type":"ImageObject","inLanguage":"es","@id":"https:\/\/culturaneuroactiva.com\/site\/conexiontrascendente\/#\/schema\/logo\/image\/","url":"https:\/\/culturaneuroactiva.com\/site\/conexiontrascendente\/wp-content\/uploads\/sites\/7\/2017\/06\/iconConexionTrascendente_128.png","contentUrl":"https:\/\/culturaneuroactiva.com\/site\/conexiontrascendente\/wp-content\/uploads\/sites\/7\/2017\/06\/iconConexionTrascendente_128.png","width":128,"height":128,"caption":"Conexi\u00f3n Trascendente"},"image":{"@id":"https:\/\/culturaneuroactiva.com\/site\/conexiontrascendente\/#\/schema\/logo\/image\/"}}]}},"_links":{"self":[{"href":"https:\/\/culturaneuroactiva.com\/site\/conexiontrascendente\/wp-json\/wp\/v2\/pages\/244","targetHints":{"allow":["GET"]}}],"collection":[{"href":"https:\/\/culturaneuroactiva.com\/site\/conexiontrascendente\/wp-json\/wp\/v2\/pages"}],"about":[{"href":"https:\/\/culturaneuroactiva.com\/site\/conexiontrascendente\/wp-json\/wp\/v2\/types\/page"}],"author":[{"embeddable":true,"href":"https:\/\/culturaneuroactiva.com\/site\/conexiontrascendente\/wp-json\/wp\/v2\/users\/1"}],"replies":[{"embeddable":true,"href":"https:\/\/culturaneuroactiva.com\/site\/conexiontrascendente\/wp-json\/wp\/v2\/comments?post=244"}],"version-history":[{"count":4,"href":"https:\/\/culturaneuroactiva.com\/site\/conexiontrascendente\/wp-json\/wp\/v2\/pages\/244\/revisions"}],"predecessor-version":[{"id":265,"href":"https:\/\/culturaneuroactiva.com\/site\/conexiontrascendente\/wp-json\/wp\/v2\/pages\/244\/revisions\/265"}],"wp:attachment":[{"href":"https:\/\/culturaneuroactiva.com\/site\/conexiontrascendente\/wp-json\/wp\/v2\/media?parent=244"}],"curies":[{"name":"wp","href":"https:\/\/api.w.org\/{rel}","templated":true}]}}