{"id":234,"date":"2017-08-31T18:16:37","date_gmt":"2017-08-31T18:16:37","guid":{"rendered":"http:\/\/culturaneuroactiva.com\/site\/conexion\/?page_id=234"},"modified":"2017-08-31T18:16:37","modified_gmt":"2017-08-31T18:16:37","slug":"director","status":"publish","type":"page","link":"https:\/\/culturaneuroactiva.com\/site\/conexiontrascendente\/director\/","title":{"rendered":"Director"},"content":{"rendered":"<p>&nbsp;<\/p>\n<p><img loading=\"lazy\" decoding=\"async\" class=\"size-medium wp-image-235 aligncenter\" src=\"http:\/\/culturaneuroactiva.com\/site\/conexion\/wp-content\/uploads\/sites\/7\/2017\/08\/Foto-Juan-David-Silva-e1504203363800-300x283.jpg\" alt=\"\" width=\"300\" height=\"283\" srcset=\"https:\/\/culturaneuroactiva.com\/site\/conexiontrascendente\/wp-content\/uploads\/sites\/7\/2017\/08\/Foto-Juan-David-Silva-e1504203363800-300x283.jpg 300w, https:\/\/culturaneuroactiva.com\/site\/conexiontrascendente\/wp-content\/uploads\/sites\/7\/2017\/08\/Foto-Juan-David-Silva-e1504203363800-768x725.jpg 768w, https:\/\/culturaneuroactiva.com\/site\/conexiontrascendente\/wp-content\/uploads\/sites\/7\/2017\/08\/Foto-Juan-David-Silva-e1504203363800-600x567.jpg 600w, https:\/\/culturaneuroactiva.com\/site\/conexiontrascendente\/wp-content\/uploads\/sites\/7\/2017\/08\/Foto-Juan-David-Silva-e1504203363800.jpg 988w\" sizes=\"auto, (max-width: 300px) 100vw, 300px\" \/><\/p>\n<h6><\/h6>\n<h6><span style=\"color: #333399;\">Juan David Silva Aguirre<\/span><\/h6>\n<p>Escritor, terapeuta neuroactivo, coach psicoespiritual, investigador, tallerista, activista, m\u00fasico y vocalista. Ha producido dos CD de m\u00fasica tribal con el grupo Nagu\u00e1lica, su obra literaria cuenta con ocho libros, y sus investigaciones se enfocan en tres temas principales: Activaci\u00f3n moment\u00e1nea y permanente del potencial cerebral, causa y soluci\u00f3n de los problemas de salud p\u00fablica, y tecnificaci\u00f3n del cambio planetario, los resultados de estas investigaciones le permitieron escribir tres libros que explican la causa del comportamiento humano, de la maldad, de los trastornos mentales y de las problem\u00e1ticas sociales, estos libros son: \u201cNeuroactivaci\u00f3n y Sistema Evolutivo Humano\u201d, \u201cManual de Paz Personal\u201d, y \u201cNeuromisticismo y Tecnolog\u00edas Psicoespirituales\u201d. Actualmente ofrece diversos servicios y desarrolla campa\u00f1as de sanaci\u00f3n social, a partir de las siguientes p\u00e1ginas web: Cultura Neuroactiva, Red de Paz Urbana, y Conexi\u00f3n Trascendente.<\/p>\n","protected":false},"excerpt":{"rendered":"<p>&nbsp; Juan David Silva Aguirre Escritor, terapeuta neuroactivo, coach psicoespiritual, investigador, tallerista, activista, m\u00fasico y vocalista. Ha producido dos CD<\/p>\n","protected":false},"author":1,"featured_media":0,"parent":0,"menu_order":0,"comment_status":"closed","ping_status":"closed","template":"","meta":{"colormag_page_layout":"default_layout","footnotes":""},"class_list":["post-234","page","type-page","status-publish","hentry"],"yoast_head":"<!-- This site is optimized with the Yoast SEO plugin v25.6 - https:\/\/yoast.com\/wordpress\/plugins\/seo\/ -->\n<title>Director - Conexi\u00f3n Trascendente<\/title>\n<meta name=\"robots\" content=\"index, follow, max-snippet:-1, max-image-preview:large, max-video-preview:-1\" \/>\n<link rel=\"canonical\" href=\"https:\/\/culturaneuroactiva.com\/site\/conexiontrascendente\/director\/\" \/>\n<meta property=\"og:locale\" content=\"es_ES\" \/>\n<meta property=\"og:type\" content=\"article\" \/>\n<meta property=\"og:title\" content=\"Director - Conexi\u00f3n Trascendente\" \/>\n<meta property=\"og:description\" content=\"&nbsp; Juan David Silva Aguirre Escritor, terapeuta neuroactivo, coach psicoespiritual, investigador, tallerista, activista, m\u00fasico y vocalista. Ha producido dos CD\" \/>\n<meta property=\"og:url\" content=\"https:\/\/culturaneuroactiva.com\/site\/conexiontrascendente\/director\/\" \/>\n<meta property=\"og:site_name\" content=\"Conexi\u00f3n Trascendente\" \/>\n<meta property=\"og:image\" content=\"http:\/\/culturaneuroactiva.com\/site\/conexion\/wp-content\/uploads\/sites\/7\/2017\/08\/Foto-Juan-David-Silva-e1504203363800-300x283.jpg\" \/>\n<meta name=\"twitter:card\" content=\"summary_large_image\" \/>\n<meta name=\"twitter:label1\" content=\"Tiempo de lectura\" \/>\n\t<meta name=\"twitter:data1\" content=\"1 minuto\" \/>\n<script type=\"application\/ld+json\" class=\"yoast-schema-graph\">{\"@context\":\"https:\/\/schema.org\",\"@graph\":[{\"@type\":\"WebPage\",\"@id\":\"https:\/\/culturaneuroactiva.com\/site\/conexiontrascendente\/director\/\",\"url\":\"https:\/\/culturaneuroactiva.com\/site\/conexiontrascendente\/director\/\",\"name\":\"Director - Conexi\u00f3n Trascendente\",\"isPartOf\":{\"@id\":\"https:\/\/culturaneuroactiva.com\/site\/conexiontrascendente\/#website\"},\"primaryImageOfPage\":{\"@id\":\"https:\/\/culturaneuroactiva.com\/site\/conexiontrascendente\/director\/#primaryimage\"},\"image\":{\"@id\":\"https:\/\/culturaneuroactiva.com\/site\/conexiontrascendente\/director\/#primaryimage\"},\"thumbnailUrl\":\"http:\/\/culturaneuroactiva.com\/site\/conexion\/wp-content\/uploads\/sites\/7\/2017\/08\/Foto-Juan-David-Silva-e1504203363800-300x283.jpg\",\"datePublished\":\"2017-08-31T18:16:37+00:00\",\"breadcrumb\":{\"@id\":\"https:\/\/culturaneuroactiva.com\/site\/conexiontrascendente\/director\/#breadcrumb\"},\"inLanguage\":\"es\",\"potentialAction\":[{\"@type\":\"ReadAction\",\"target\":[\"https:\/\/culturaneuroactiva.com\/site\/conexiontrascendente\/director\/\"]}]},{\"@type\":\"ImageObject\",\"inLanguage\":\"es\",\"@id\":\"https:\/\/culturaneuroactiva.com\/site\/conexiontrascendente\/director\/#primaryimage\",\"url\":\"http:\/\/culturaneuroactiva.com\/site\/conexion\/wp-content\/uploads\/sites\/7\/2017\/08\/Foto-Juan-David-Silva-e1504203363800-300x283.jpg\",\"contentUrl\":\"http:\/\/culturaneuroactiva.com\/site\/conexion\/wp-content\/uploads\/sites\/7\/2017\/08\/Foto-Juan-David-Silva-e1504203363800-300x283.jpg\"},{\"@type\":\"BreadcrumbList\",\"@id\":\"https:\/\/culturaneuroactiva.com\/site\/conexiontrascendente\/director\/#breadcrumb\",\"itemListElement\":[{\"@type\":\"ListItem\",\"position\":1,\"name\":\"Portada\",\"item\":\"https:\/\/culturaneuroactiva.com\/site\/conexiontrascendente\/\"},{\"@type\":\"ListItem\",\"position\":2,\"name\":\"Director\"}]},{\"@type\":\"WebSite\",\"@id\":\"https:\/\/culturaneuroactiva.com\/site\/conexiontrascendente\/#website\",\"url\":\"https:\/\/culturaneuroactiva.com\/site\/conexiontrascendente\/\",\"name\":\"Conexi\u00f3n Trascendente\",\"description\":\"Servicios para el Alma\",\"publisher\":{\"@id\":\"https:\/\/culturaneuroactiva.com\/site\/conexiontrascendente\/#organization\"},\"potentialAction\":[{\"@type\":\"SearchAction\",\"target\":{\"@type\":\"EntryPoint\",\"urlTemplate\":\"https:\/\/culturaneuroactiva.com\/site\/conexiontrascendente\/?s={search_term_string}\"},\"query-input\":{\"@type\":\"PropertyValueSpecification\",\"valueRequired\":true,\"valueName\":\"search_term_string\"}}],\"inLanguage\":\"es\"},{\"@type\":\"Organization\",\"@id\":\"https:\/\/culturaneuroactiva.com\/site\/conexiontrascendente\/#organization\",\"name\":\"Conexi\u00f3n Trascendente\",\"url\":\"https:\/\/culturaneuroactiva.com\/site\/conexiontrascendente\/\",\"logo\":{\"@type\":\"ImageObject\",\"inLanguage\":\"es\",\"@id\":\"https:\/\/culturaneuroactiva.com\/site\/conexiontrascendente\/#\/schema\/logo\/image\/\",\"url\":\"https:\/\/culturaneuroactiva.com\/site\/conexiontrascendente\/wp-content\/uploads\/sites\/7\/2017\/06\/iconConexionTrascendente_128.png\",\"contentUrl\":\"https:\/\/culturaneuroactiva.com\/site\/conexiontrascendente\/wp-content\/uploads\/sites\/7\/2017\/06\/iconConexionTrascendente_128.png\",\"width\":128,\"height\":128,\"caption\":\"Conexi\u00f3n Trascendente\"},\"image\":{\"@id\":\"https:\/\/culturaneuroactiva.com\/site\/conexiontrascendente\/#\/schema\/logo\/image\/\"}}]}<\/script>\n<!-- \/ Yoast SEO plugin. -->","yoast_head_json":{"title":"Director - Conexi\u00f3n Trascendente","robots":{"index":"index","follow":"follow","max-snippet":"max-snippet:-1","max-image-preview":"max-image-preview:large","max-video-preview":"max-video-preview:-1"},"canonical":"https:\/\/culturaneuroactiva.com\/site\/conexiontrascendente\/director\/","og_locale":"es_ES","og_type":"article","og_title":"Director - Conexi\u00f3n Trascendente","og_description":"&nbsp; Juan David Silva Aguirre Escritor, terapeuta neuroactivo, coach psicoespiritual, investigador, tallerista, activista, m\u00fasico y vocalista. Ha producido dos CD","og_url":"https:\/\/culturaneuroactiva.com\/site\/conexiontrascendente\/director\/","og_site_name":"Conexi\u00f3n Trascendente","og_image":[{"url":"http:\/\/culturaneuroactiva.com\/site\/conexion\/wp-content\/uploads\/sites\/7\/2017\/08\/Foto-Juan-David-Silva-e1504203363800-300x283.jpg","type":"","width":"","height":""}],"twitter_card":"summary_large_image","twitter_misc":{"Tiempo de lectura":"1 minuto"},"schema":{"@context":"https:\/\/schema.org","@graph":[{"@type":"WebPage","@id":"https:\/\/culturaneuroactiva.com\/site\/conexiontrascendente\/director\/","url":"https:\/\/culturaneuroactiva.com\/site\/conexiontrascendente\/director\/","name":"Director - Conexi\u00f3n Trascendente","isPartOf":{"@id":"https:\/\/culturaneuroactiva.com\/site\/conexiontrascendente\/#website"},"primaryImageOfPage":{"@id":"https:\/\/culturaneuroactiva.com\/site\/conexiontrascendente\/director\/#primaryimage"},"image":{"@id":"https:\/\/culturaneuroactiva.com\/site\/conexiontrascendente\/director\/#primaryimage"},"thumbnailUrl":"http:\/\/culturaneuroactiva.com\/site\/conexion\/wp-content\/uploads\/sites\/7\/2017\/08\/Foto-Juan-David-Silva-e1504203363800-300x283.jpg","datePublished":"2017-08-31T18:16:37+00:00","breadcrumb":{"@id":"https:\/\/culturaneuroactiva.com\/site\/conexiontrascendente\/director\/#breadcrumb"},"inLanguage":"es","potentialAction":[{"@type":"ReadAction","target":["https:\/\/culturaneuroactiva.com\/site\/conexiontrascendente\/director\/"]}]},{"@type":"ImageObject","inLanguage":"es","@id":"https:\/\/culturaneuroactiva.com\/site\/conexiontrascendente\/director\/#primaryimage","url":"http:\/\/culturaneuroactiva.com\/site\/conexion\/wp-content\/uploads\/sites\/7\/2017\/08\/Foto-Juan-David-Silva-e1504203363800-300x283.jpg","contentUrl":"http:\/\/culturaneuroactiva.com\/site\/conexion\/wp-content\/uploads\/sites\/7\/2017\/08\/Foto-Juan-David-Silva-e1504203363800-300x283.jpg"},{"@type":"BreadcrumbList","@id":"https:\/\/culturaneuroactiva.com\/site\/conexiontrascendente\/director\/#breadcrumb","itemListElement":[{"@type":"ListItem","position":1,"name":"Portada","item":"https:\/\/culturaneuroactiva.com\/site\/conexiontrascendente\/"},{"@type":"ListItem","position":2,"name":"Director"}]},{"@type":"WebSite","@id":"https:\/\/culturaneuroactiva.com\/site\/conexiontrascendente\/#website","url":"https:\/\/culturaneuroactiva.com\/site\/conexiontrascendente\/","name":"Conexi\u00f3n Trascendente","description":"Servicios para el Alma","publisher":{"@id":"https:\/\/culturaneuroactiva.com\/site\/conexiontrascendente\/#organization"},"potentialAction":[{"@type":"SearchAction","target":{"@type":"EntryPoint","urlTemplate":"https:\/\/culturaneuroactiva.com\/site\/conexiontrascendente\/?s={search_term_string}"},"query-input":{"@type":"PropertyValueSpecification","valueRequired":true,"valueName":"search_term_string"}}],"inLanguage":"es"},{"@type":"Organization","@id":"https:\/\/culturaneuroactiva.com\/site\/conexiontrascendente\/#organization","name":"Conexi\u00f3n Trascendente","url":"https:\/\/culturaneuroactiva.com\/site\/conexiontrascendente\/","logo":{"@type":"ImageObject","inLanguage":"es","@id":"https:\/\/culturaneuroactiva.com\/site\/conexiontrascendente\/#\/schema\/logo\/image\/","url":"https:\/\/culturaneuroactiva.com\/site\/conexiontrascendente\/wp-content\/uploads\/sites\/7\/2017\/06\/iconConexionTrascendente_128.png","contentUrl":"https:\/\/culturaneuroactiva.com\/site\/conexiontrascendente\/wp-content\/uploads\/sites\/7\/2017\/06\/iconConexionTrascendente_128.png","width":128,"height":128,"caption":"Conexi\u00f3n Trascendente"},"image":{"@id":"https:\/\/culturaneuroactiva.com\/site\/conexiontrascendente\/#\/schema\/logo\/image\/"}}]}},"_links":{"self":[{"href":"https:\/\/culturaneuroactiva.com\/site\/conexiontrascendente\/wp-json\/wp\/v2\/pages\/234","targetHints":{"allow":["GET"]}}],"collection":[{"href":"https:\/\/culturaneuroactiva.com\/site\/conexiontrascendente\/wp-json\/wp\/v2\/pages"}],"about":[{"href":"https:\/\/culturaneuroactiva.com\/site\/conexiontrascendente\/wp-json\/wp\/v2\/types\/page"}],"author":[{"embeddable":true,"href":"https:\/\/culturaneuroactiva.com\/site\/conexiontrascendente\/wp-json\/wp\/v2\/users\/1"}],"replies":[{"embeddable":true,"href":"https:\/\/culturaneuroactiva.com\/site\/conexiontrascendente\/wp-json\/wp\/v2\/comments?post=234"}],"version-history":[{"count":1,"href":"https:\/\/culturaneuroactiva.com\/site\/conexiontrascendente\/wp-json\/wp\/v2\/pages\/234\/revisions"}],"predecessor-version":[{"id":237,"href":"https:\/\/culturaneuroactiva.com\/site\/conexiontrascendente\/wp-json\/wp\/v2\/pages\/234\/revisions\/237"}],"wp:attachment":[{"href":"https:\/\/culturaneuroactiva.com\/site\/conexiontrascendente\/wp-json\/wp\/v2\/media?parent=234"}],"curies":[{"name":"wp","href":"https:\/\/api.w.org\/{rel}","templated":true}]}}