{"id":216,"date":"2017-08-31T02:32:43","date_gmt":"2017-08-31T02:32:43","guid":{"rendered":"http:\/\/culturaneuroactiva.com\/site\/conexion\/?page_id=216"},"modified":"2018-05-10T18:22:23","modified_gmt":"2018-05-10T18:22:23","slug":"nagualica","status":"publish","type":"page","link":"https:\/\/culturaneuroactiva.com\/site\/conexiontrascendente\/nagualica\/","title":{"rendered":"Nagu\u00e1lica"},"content":{"rendered":"<h6><span style=\"color: #2e8787;\">Nagu\u00e1lica es una propuesta de arte m\u00edstico y tribal, que cuenta con un espect\u00e1culo basado en la creaci\u00f3n de paisajes emocionales, elaborados a partir de cantos ancestrales, instrumentos ind\u00edgenas, sonidos naturales, aromas sagrados y decoraci\u00f3n contemplativa, lo que produce en los espectadores, desde relajaci\u00f3n y meditaci\u00f3n hasta experiencias m\u00edsticas y sanaci\u00f3n. \u00a0\u00a0<\/span><\/h6>\n<p>&nbsp;<\/p>\n<h6><span style=\"color: #2e8787;\"><strong>Documental de M\u00fasica Ancestral<\/strong><\/span><\/h6>\n<p><iframe loading=\"lazy\" width=\"800\" height=\"450\" src=\"https:\/\/www.youtube.com\/embed\/xd1jgCLzNAU?feature=oembed\" frameborder=\"0\" allow=\"autoplay; encrypted-media\" allowfullscreen><\/iframe><\/p>\n<p>Este documental web, es una producci\u00f3n de la Corporaci\u00f3n Puro Impulso, el cual plasma la esencia de la Sonidoterapia Ancestral, una t\u00e9cnica que \u00a0<span style=\"line-height: 1.5;\">Nagu\u00e1lica\u00a0<\/span><span style=\"line-height: inherit;\">(<\/span><span style=\"line-height: 1.5;\">Juan David Silva<\/span><span style=\"line-height: inherit;\">) \u00a0utiliza como puente para conectar entre ambos lados de la realidad, por lo que trasciende el arte y se convierte en una efectiva terapia de relajaci\u00f3n y meditaci\u00f3n, que tiene la capacidad generar estados m\u00edsticos y de visi\u00f3n interior, que curan el cuerpo y sanan el alma.<\/span><\/p>\n<p>&nbsp;<\/p>\n<h6><span style=\"color: #2e8787;\"><strong>CD Conexi\u00f3n Ancestral<\/strong><\/span><\/h6>\n<p><img loading=\"lazy\" decoding=\"async\" class=\" wp-image-217 aligncenter\" src=\"http:\/\/culturaneuroactiva.com\/site\/conexion\/wp-content\/uploads\/sites\/7\/2017\/08\/Car\u00e1tula-Nagu\u00e1lica-300x292.png\" alt=\"\" width=\"338\" height=\"329\" srcset=\"https:\/\/culturaneuroactiva.com\/site\/conexiontrascendente\/wp-content\/uploads\/sites\/7\/2017\/08\/Car\u00e1tula-Nagu\u00e1lica-300x292.png 300w, https:\/\/culturaneuroactiva.com\/site\/conexiontrascendente\/wp-content\/uploads\/sites\/7\/2017\/08\/Car\u00e1tula-Nagu\u00e1lica.png 352w\" sizes=\"auto, (max-width: 338px) 100vw, 338px\" \/><\/p>\n<p>Conexi\u00f3n Ancestral es la primera producci\u00f3n musical de Nagu\u00e1lica inspirada en los cuatro elementos, en la que se destacan los cantos sagrados, mantrams e \u00edcaros cham\u00e1nicos. Estas voces abor\u00edgenes se constituyen como mapas en el inconsciente que activan las memorias ancestrales, ya que tienen la propiedad de lentificar la frecuencia de las ondas cerebrales y cambiar moment\u00e1neamente nuestro modo cognitivo, activando as\u00ed las capacidades dormidas la mente.<\/p>\n<p>Para escuchar y descargar temas de esta producci\u00f3n musical, ingrese en www.nagualica.bandcamp.com<\/p>\n","protected":false},"excerpt":{"rendered":"<p>Nagu\u00e1lica es una propuesta de arte m\u00edstico y tribal, que cuenta con un espect\u00e1culo basado en la creaci\u00f3n de paisajes<\/p>\n","protected":false},"author":1,"featured_media":0,"parent":0,"menu_order":0,"comment_status":"closed","ping_status":"closed","template":"","meta":{"colormag_page_layout":"default_layout","footnotes":""},"class_list":["post-216","page","type-page","status-publish","hentry"],"yoast_head":"<!-- This site is optimized with the Yoast SEO plugin v25.6 - https:\/\/yoast.com\/wordpress\/plugins\/seo\/ -->\n<title>Nagu\u00e1lica - Conexi\u00f3n Trascendente<\/title>\n<meta name=\"robots\" content=\"index, follow, max-snippet:-1, max-image-preview:large, max-video-preview:-1\" \/>\n<link rel=\"canonical\" href=\"https:\/\/culturaneuroactiva.com\/site\/conexiontrascendente\/nagualica\/\" \/>\n<meta property=\"og:locale\" content=\"es_ES\" \/>\n<meta property=\"og:type\" content=\"article\" \/>\n<meta property=\"og:title\" content=\"Nagu\u00e1lica - Conexi\u00f3n Trascendente\" \/>\n<meta property=\"og:description\" content=\"Nagu\u00e1lica es una propuesta de arte m\u00edstico y tribal, que cuenta con un espect\u00e1culo basado en la creaci\u00f3n de paisajes\" \/>\n<meta property=\"og:url\" content=\"https:\/\/culturaneuroactiva.com\/site\/conexiontrascendente\/nagualica\/\" \/>\n<meta property=\"og:site_name\" content=\"Conexi\u00f3n Trascendente\" \/>\n<meta property=\"article:modified_time\" content=\"2018-05-10T18:22:23+00:00\" \/>\n<meta name=\"twitter:card\" content=\"summary_large_image\" \/>\n<meta name=\"twitter:label1\" content=\"Tiempo de lectura\" \/>\n\t<meta name=\"twitter:data1\" content=\"1 minuto\" \/>\n<script type=\"application\/ld+json\" class=\"yoast-schema-graph\">{\"@context\":\"https:\/\/schema.org\",\"@graph\":[{\"@type\":\"WebPage\",\"@id\":\"https:\/\/culturaneuroactiva.com\/site\/conexiontrascendente\/nagualica\/\",\"url\":\"https:\/\/culturaneuroactiva.com\/site\/conexiontrascendente\/nagualica\/\",\"name\":\"Nagu\u00e1lica - Conexi\u00f3n Trascendente\",\"isPartOf\":{\"@id\":\"https:\/\/culturaneuroactiva.com\/site\/conexiontrascendente\/#website\"},\"datePublished\":\"2017-08-31T02:32:43+00:00\",\"dateModified\":\"2018-05-10T18:22:23+00:00\",\"breadcrumb\":{\"@id\":\"https:\/\/culturaneuroactiva.com\/site\/conexiontrascendente\/nagualica\/#breadcrumb\"},\"inLanguage\":\"es\",\"potentialAction\":[{\"@type\":\"ReadAction\",\"target\":[\"https:\/\/culturaneuroactiva.com\/site\/conexiontrascendente\/nagualica\/\"]}]},{\"@type\":\"BreadcrumbList\",\"@id\":\"https:\/\/culturaneuroactiva.com\/site\/conexiontrascendente\/nagualica\/#breadcrumb\",\"itemListElement\":[{\"@type\":\"ListItem\",\"position\":1,\"name\":\"Portada\",\"item\":\"https:\/\/culturaneuroactiva.com\/site\/conexiontrascendente\/\"},{\"@type\":\"ListItem\",\"position\":2,\"name\":\"Nagu\u00e1lica\"}]},{\"@type\":\"WebSite\",\"@id\":\"https:\/\/culturaneuroactiva.com\/site\/conexiontrascendente\/#website\",\"url\":\"https:\/\/culturaneuroactiva.com\/site\/conexiontrascendente\/\",\"name\":\"Conexi\u00f3n Trascendente\",\"description\":\"Servicios para el Alma\",\"publisher\":{\"@id\":\"https:\/\/culturaneuroactiva.com\/site\/conexiontrascendente\/#organization\"},\"potentialAction\":[{\"@type\":\"SearchAction\",\"target\":{\"@type\":\"EntryPoint\",\"urlTemplate\":\"https:\/\/culturaneuroactiva.com\/site\/conexiontrascendente\/?s={search_term_string}\"},\"query-input\":{\"@type\":\"PropertyValueSpecification\",\"valueRequired\":true,\"valueName\":\"search_term_string\"}}],\"inLanguage\":\"es\"},{\"@type\":\"Organization\",\"@id\":\"https:\/\/culturaneuroactiva.com\/site\/conexiontrascendente\/#organization\",\"name\":\"Conexi\u00f3n Trascendente\",\"url\":\"https:\/\/culturaneuroactiva.com\/site\/conexiontrascendente\/\",\"logo\":{\"@type\":\"ImageObject\",\"inLanguage\":\"es\",\"@id\":\"https:\/\/culturaneuroactiva.com\/site\/conexiontrascendente\/#\/schema\/logo\/image\/\",\"url\":\"https:\/\/culturaneuroactiva.com\/site\/conexiontrascendente\/wp-content\/uploads\/sites\/7\/2017\/06\/iconConexionTrascendente_128.png\",\"contentUrl\":\"https:\/\/culturaneuroactiva.com\/site\/conexiontrascendente\/wp-content\/uploads\/sites\/7\/2017\/06\/iconConexionTrascendente_128.png\",\"width\":128,\"height\":128,\"caption\":\"Conexi\u00f3n Trascendente\"},\"image\":{\"@id\":\"https:\/\/culturaneuroactiva.com\/site\/conexiontrascendente\/#\/schema\/logo\/image\/\"}}]}<\/script>\n<!-- \/ Yoast SEO plugin. -->","yoast_head_json":{"title":"Nagu\u00e1lica - Conexi\u00f3n Trascendente","robots":{"index":"index","follow":"follow","max-snippet":"max-snippet:-1","max-image-preview":"max-image-preview:large","max-video-preview":"max-video-preview:-1"},"canonical":"https:\/\/culturaneuroactiva.com\/site\/conexiontrascendente\/nagualica\/","og_locale":"es_ES","og_type":"article","og_title":"Nagu\u00e1lica - Conexi\u00f3n Trascendente","og_description":"Nagu\u00e1lica es una propuesta de arte m\u00edstico y tribal, que cuenta con un espect\u00e1culo basado en la creaci\u00f3n de paisajes","og_url":"https:\/\/culturaneuroactiva.com\/site\/conexiontrascendente\/nagualica\/","og_site_name":"Conexi\u00f3n Trascendente","article_modified_time":"2018-05-10T18:22:23+00:00","twitter_card":"summary_large_image","twitter_misc":{"Tiempo de lectura":"1 minuto"},"schema":{"@context":"https:\/\/schema.org","@graph":[{"@type":"WebPage","@id":"https:\/\/culturaneuroactiva.com\/site\/conexiontrascendente\/nagualica\/","url":"https:\/\/culturaneuroactiva.com\/site\/conexiontrascendente\/nagualica\/","name":"Nagu\u00e1lica - Conexi\u00f3n Trascendente","isPartOf":{"@id":"https:\/\/culturaneuroactiva.com\/site\/conexiontrascendente\/#website"},"datePublished":"2017-08-31T02:32:43+00:00","dateModified":"2018-05-10T18:22:23+00:00","breadcrumb":{"@id":"https:\/\/culturaneuroactiva.com\/site\/conexiontrascendente\/nagualica\/#breadcrumb"},"inLanguage":"es","potentialAction":[{"@type":"ReadAction","target":["https:\/\/culturaneuroactiva.com\/site\/conexiontrascendente\/nagualica\/"]}]},{"@type":"BreadcrumbList","@id":"https:\/\/culturaneuroactiva.com\/site\/conexiontrascendente\/nagualica\/#breadcrumb","itemListElement":[{"@type":"ListItem","position":1,"name":"Portada","item":"https:\/\/culturaneuroactiva.com\/site\/conexiontrascendente\/"},{"@type":"ListItem","position":2,"name":"Nagu\u00e1lica"}]},{"@type":"WebSite","@id":"https:\/\/culturaneuroactiva.com\/site\/conexiontrascendente\/#website","url":"https:\/\/culturaneuroactiva.com\/site\/conexiontrascendente\/","name":"Conexi\u00f3n Trascendente","description":"Servicios para el Alma","publisher":{"@id":"https:\/\/culturaneuroactiva.com\/site\/conexiontrascendente\/#organization"},"potentialAction":[{"@type":"SearchAction","target":{"@type":"EntryPoint","urlTemplate":"https:\/\/culturaneuroactiva.com\/site\/conexiontrascendente\/?s={search_term_string}"},"query-input":{"@type":"PropertyValueSpecification","valueRequired":true,"valueName":"search_term_string"}}],"inLanguage":"es"},{"@type":"Organization","@id":"https:\/\/culturaneuroactiva.com\/site\/conexiontrascendente\/#organization","name":"Conexi\u00f3n Trascendente","url":"https:\/\/culturaneuroactiva.com\/site\/conexiontrascendente\/","logo":{"@type":"ImageObject","inLanguage":"es","@id":"https:\/\/culturaneuroactiva.com\/site\/conexiontrascendente\/#\/schema\/logo\/image\/","url":"https:\/\/culturaneuroactiva.com\/site\/conexiontrascendente\/wp-content\/uploads\/sites\/7\/2017\/06\/iconConexionTrascendente_128.png","contentUrl":"https:\/\/culturaneuroactiva.com\/site\/conexiontrascendente\/wp-content\/uploads\/sites\/7\/2017\/06\/iconConexionTrascendente_128.png","width":128,"height":128,"caption":"Conexi\u00f3n Trascendente"},"image":{"@id":"https:\/\/culturaneuroactiva.com\/site\/conexiontrascendente\/#\/schema\/logo\/image\/"}}]}},"_links":{"self":[{"href":"https:\/\/culturaneuroactiva.com\/site\/conexiontrascendente\/wp-json\/wp\/v2\/pages\/216","targetHints":{"allow":["GET"]}}],"collection":[{"href":"https:\/\/culturaneuroactiva.com\/site\/conexiontrascendente\/wp-json\/wp\/v2\/pages"}],"about":[{"href":"https:\/\/culturaneuroactiva.com\/site\/conexiontrascendente\/wp-json\/wp\/v2\/types\/page"}],"author":[{"embeddable":true,"href":"https:\/\/culturaneuroactiva.com\/site\/conexiontrascendente\/wp-json\/wp\/v2\/users\/1"}],"replies":[{"embeddable":true,"href":"https:\/\/culturaneuroactiva.com\/site\/conexiontrascendente\/wp-json\/wp\/v2\/comments?post=216"}],"version-history":[{"count":2,"href":"https:\/\/culturaneuroactiva.com\/site\/conexiontrascendente\/wp-json\/wp\/v2\/pages\/216\/revisions"}],"predecessor-version":[{"id":302,"href":"https:\/\/culturaneuroactiva.com\/site\/conexiontrascendente\/wp-json\/wp\/v2\/pages\/216\/revisions\/302"}],"wp:attachment":[{"href":"https:\/\/culturaneuroactiva.com\/site\/conexiontrascendente\/wp-json\/wp\/v2\/media?parent=216"}],"curies":[{"name":"wp","href":"https:\/\/api.w.org\/{rel}","templated":true}]}}