{"id":200,"date":"2017-08-30T04:30:24","date_gmt":"2017-08-30T04:30:24","guid":{"rendered":"http:\/\/culturaneuroactiva.com\/site\/conexion\/?page_id=200"},"modified":"2017-09-14T00:35:25","modified_gmt":"2017-09-14T00:35:25","slug":"servicios-para-empresas","status":"publish","type":"page","link":"https:\/\/culturaneuroactiva.com\/site\/conexiontrascendente\/servicios-para-empresas\/","title":{"rendered":"Servicios para Empresas"},"content":{"rendered":"<h6><span style=\"color: #329494;\">Beneficia tu empresa con este paquete de servicios creados con las m\u00e1s avanzadas t\u00e9cnicas en relajaci\u00f3n y meditaci\u00f3n, para el mejoramiento del ambiente laboral y de la salud psico-emocional de todo el personal.<\/span><\/h6>\n<p><strong><img loading=\"lazy\" decoding=\"async\" class=\" wp-image-268 aligncenter\" src=\"http:\/\/culturaneuroactiva.com\/site\/conexion\/wp-content\/uploads\/sites\/7\/2017\/08\/26032840542_c3579aa9e4_z-e1505349236698-300x180.jpg\" alt=\"\" width=\"507\" height=\"304\" srcset=\"https:\/\/culturaneuroactiva.com\/site\/conexiontrascendente\/wp-content\/uploads\/sites\/7\/2017\/08\/26032840542_c3579aa9e4_z-e1505349236698-300x180.jpg 300w, https:\/\/culturaneuroactiva.com\/site\/conexiontrascendente\/wp-content\/uploads\/sites\/7\/2017\/08\/26032840542_c3579aa9e4_z-e1505349236698-600x360.jpg 600w, https:\/\/culturaneuroactiva.com\/site\/conexiontrascendente\/wp-content\/uploads\/sites\/7\/2017\/08\/26032840542_c3579aa9e4_z-e1505349236698.jpg 624w\" sizes=\"auto, (max-width: 507px) 100vw, 507px\" \/>\u00a0\u00a0<\/strong><\/p>\n<h6><span style=\"color: #329494;\"><strong>Relajaci\u00f3n Sonora<\/strong><\/span><\/h6>\n<p>Experimenta lo m\u00e1s novedoso en relajaci\u00f3n grupal, con esta terapia que evoca la conexi\u00f3n con la Tierra, el origen y los cuatro elementos, en donde los participantes reciben un concierto de m\u00fasica ancestral, acostados y con los ojos cerrados para poder entrar en estados de meditaci\u00f3n profunda, y as\u00ed vivir una experiencia de cine mental a trav\u00e9s de la naturaleza sagrada, finalizando con una sesi\u00f3n de aromaterapia y un conversatorio sobre la experiencia.<\/p>\n<p><strong>\u00a0<\/strong><\/p>\n<h6><span style=\"color: #329494;\"><strong>Taller: Manejo del Estr\u00e9s Laboral<\/strong><\/span><\/h6>\n<p>Ofr\u00e9cele al personal de tu empresa herramientas \u00fatiles para que aprenda a hacer un manejo terap\u00e9utico del estr\u00e9s laboral, y capac\u00edtalo sobre los principales temas en motivaci\u00f3n empresarial: La empresa como proyecto de vida, manejo de las emociones y t\u00e9cnicas antiestr\u00e9s, manejo del tiempo y planeaci\u00f3n estrat\u00e9gica, mejoramiento en procesos creativos y toma de decisiones.<\/p>\n<p><strong>\u00a0<\/strong><\/p>\n<h6><span style=\"color: #329494;\"><strong>Spa Empresarial<\/strong><\/span><\/h6>\n<p>Lleva a tu empresa este Spa creado con las m\u00e1s avanzadas t\u00e9cnicas en relajaci\u00f3n y meditaci\u00f3n, para el mejoramiento del ambiente laboral y de la salud psico-emocional de todo el personal, incluye charla sobre manejo del estr\u00e9s laboral, junto con un concierto de m\u00fasica ancestral fusionado con sesiones de masaje relajante, reflexolog\u00eda y aromaterapia natural.<\/p>\n<p><strong>\u00a0<\/strong><\/p>\n<h6><span style=\"color: #329494;\"><strong>Senderismo Sonoro<\/strong><\/span><\/h6>\n<p>Experimenta la magia de la naturaleza, por medio de esta caminata contemplativa por un sendero ecol\u00f3gico, con estaciones en donde se realizan terapias con olores m\u00edsticos, sabores estimulantes, peque\u00f1as historias de sabidur\u00eda ancestral y amor por la Tierra, meditaci\u00f3n con los \u00e1rboles, mantrams y ba\u00f1o de sonidos.<\/p>\n<p><strong>\u00a0<\/strong><\/p>\n<h6><span style=\"color: #329494;\"><strong>Retiros Espirituales <\/strong><\/span><\/h6>\n<p>Renueva tu ser en esta expedici\u00f3n al interior del alma, en la que cada participante logra mirarse a s\u00ed mismo y revisar su proyecto de vida, facilitado por principios de la sabidur\u00eda ancestral y t\u00e9cnicas de estimulaci\u00f3n sensorial contemplativa.<\/p>\n<p>&nbsp;<\/p>\n<h6><span style=\"color: #329494;\"><strong>Tecnolog\u00edas Mentales Deportivas<\/strong><\/span><\/h6>\n<p>Estas terapias de preparaci\u00f3n mental para equipos de alta competencia, son creadas fusionando las mejores terapias en relajaci\u00f3n y motivaci\u00f3n: Meditaci\u00f3n con sonidos sagrados, y Coaching para el logro de objetivos. Con esta fusi\u00f3n se busca despertar las propiedades de la mente y utilizarlas para tener un desempe\u00f1o \u00f3ptimo en los eventos deportivos.<\/p>\n<p>&nbsp;<\/p>\n<p>&nbsp;<\/p>\n<h6><span style=\"color: #369c9a;\"><strong>Todos los servicios requieren cita previa:<\/strong><\/span><\/h6>\n<ul>\n<li>Cotizaci\u00f3n personalizada.<\/li>\n<li>Celular. 3127994357<\/li>\n<li>\u00a0conexion@culturaneuroactiva.com<\/li>\n<li>Cll.47B # 93A-25<\/li>\n<li>conexion.culturaneuroactiva.com<\/li>\n<\/ul>\n","protected":false},"excerpt":{"rendered":"<p>Beneficia tu empresa con este paquete de servicios creados con las m\u00e1s avanzadas t\u00e9cnicas en relajaci\u00f3n y meditaci\u00f3n, para el<\/p>\n","protected":false},"author":1,"featured_media":0,"parent":0,"menu_order":0,"comment_status":"closed","ping_status":"closed","template":"","meta":{"colormag_page_layout":"no_sidebar_content_centered","footnotes":""},"class_list":["post-200","page","type-page","status-publish","hentry"],"yoast_head":"<!-- This site is optimized with the Yoast SEO plugin v25.6 - https:\/\/yoast.com\/wordpress\/plugins\/seo\/ -->\n<title>Servicios para Empresas - Conexi\u00f3n Trascendente<\/title>\n<meta name=\"robots\" content=\"index, follow, max-snippet:-1, max-image-preview:large, max-video-preview:-1\" \/>\n<link rel=\"canonical\" href=\"https:\/\/culturaneuroactiva.com\/site\/conexiontrascendente\/servicios-para-empresas\/\" \/>\n<meta property=\"og:locale\" content=\"es_ES\" \/>\n<meta property=\"og:type\" content=\"article\" \/>\n<meta property=\"og:title\" content=\"Servicios para Empresas - Conexi\u00f3n Trascendente\" \/>\n<meta property=\"og:description\" content=\"Beneficia tu empresa con este paquete de servicios creados con las m\u00e1s avanzadas t\u00e9cnicas en relajaci\u00f3n y meditaci\u00f3n, para el\" \/>\n<meta property=\"og:url\" content=\"https:\/\/culturaneuroactiva.com\/site\/conexiontrascendente\/servicios-para-empresas\/\" \/>\n<meta property=\"og:site_name\" content=\"Conexi\u00f3n Trascendente\" \/>\n<meta property=\"article:modified_time\" content=\"2017-09-14T00:35:25+00:00\" \/>\n<meta property=\"og:image\" content=\"http:\/\/culturaneuroactiva.com\/site\/conexion\/wp-content\/uploads\/sites\/7\/2017\/08\/26032840542_c3579aa9e4_z-e1505349236698-300x180.jpg\" \/>\n<meta name=\"twitter:card\" content=\"summary_large_image\" \/>\n<meta name=\"twitter:label1\" content=\"Tiempo de lectura\" \/>\n\t<meta name=\"twitter:data1\" content=\"2 minutos\" \/>\n<script type=\"application\/ld+json\" class=\"yoast-schema-graph\">{\"@context\":\"https:\/\/schema.org\",\"@graph\":[{\"@type\":\"WebPage\",\"@id\":\"https:\/\/culturaneuroactiva.com\/site\/conexiontrascendente\/servicios-para-empresas\/\",\"url\":\"https:\/\/culturaneuroactiva.com\/site\/conexiontrascendente\/servicios-para-empresas\/\",\"name\":\"Servicios para Empresas - Conexi\u00f3n Trascendente\",\"isPartOf\":{\"@id\":\"https:\/\/culturaneuroactiva.com\/site\/conexiontrascendente\/#website\"},\"primaryImageOfPage\":{\"@id\":\"https:\/\/culturaneuroactiva.com\/site\/conexiontrascendente\/servicios-para-empresas\/#primaryimage\"},\"image\":{\"@id\":\"https:\/\/culturaneuroactiva.com\/site\/conexiontrascendente\/servicios-para-empresas\/#primaryimage\"},\"thumbnailUrl\":\"http:\/\/culturaneuroactiva.com\/site\/conexion\/wp-content\/uploads\/sites\/7\/2017\/08\/26032840542_c3579aa9e4_z-e1505349236698-300x180.jpg\",\"datePublished\":\"2017-08-30T04:30:24+00:00\",\"dateModified\":\"2017-09-14T00:35:25+00:00\",\"breadcrumb\":{\"@id\":\"https:\/\/culturaneuroactiva.com\/site\/conexiontrascendente\/servicios-para-empresas\/#breadcrumb\"},\"inLanguage\":\"es\",\"potentialAction\":[{\"@type\":\"ReadAction\",\"target\":[\"https:\/\/culturaneuroactiva.com\/site\/conexiontrascendente\/servicios-para-empresas\/\"]}]},{\"@type\":\"ImageObject\",\"inLanguage\":\"es\",\"@id\":\"https:\/\/culturaneuroactiva.com\/site\/conexiontrascendente\/servicios-para-empresas\/#primaryimage\",\"url\":\"http:\/\/culturaneuroactiva.com\/site\/conexion\/wp-content\/uploads\/sites\/7\/2017\/08\/26032840542_c3579aa9e4_z-e1505349236698-300x180.jpg\",\"contentUrl\":\"http:\/\/culturaneuroactiva.com\/site\/conexion\/wp-content\/uploads\/sites\/7\/2017\/08\/26032840542_c3579aa9e4_z-e1505349236698-300x180.jpg\"},{\"@type\":\"BreadcrumbList\",\"@id\":\"https:\/\/culturaneuroactiva.com\/site\/conexiontrascendente\/servicios-para-empresas\/#breadcrumb\",\"itemListElement\":[{\"@type\":\"ListItem\",\"position\":1,\"name\":\"Portada\",\"item\":\"https:\/\/culturaneuroactiva.com\/site\/conexiontrascendente\/\"},{\"@type\":\"ListItem\",\"position\":2,\"name\":\"Servicios para Empresas\"}]},{\"@type\":\"WebSite\",\"@id\":\"https:\/\/culturaneuroactiva.com\/site\/conexiontrascendente\/#website\",\"url\":\"https:\/\/culturaneuroactiva.com\/site\/conexiontrascendente\/\",\"name\":\"Conexi\u00f3n Trascendente\",\"description\":\"Servicios para el Alma\",\"publisher\":{\"@id\":\"https:\/\/culturaneuroactiva.com\/site\/conexiontrascendente\/#organization\"},\"potentialAction\":[{\"@type\":\"SearchAction\",\"target\":{\"@type\":\"EntryPoint\",\"urlTemplate\":\"https:\/\/culturaneuroactiva.com\/site\/conexiontrascendente\/?s={search_term_string}\"},\"query-input\":{\"@type\":\"PropertyValueSpecification\",\"valueRequired\":true,\"valueName\":\"search_term_string\"}}],\"inLanguage\":\"es\"},{\"@type\":\"Organization\",\"@id\":\"https:\/\/culturaneuroactiva.com\/site\/conexiontrascendente\/#organization\",\"name\":\"Conexi\u00f3n Trascendente\",\"url\":\"https:\/\/culturaneuroactiva.com\/site\/conexiontrascendente\/\",\"logo\":{\"@type\":\"ImageObject\",\"inLanguage\":\"es\",\"@id\":\"https:\/\/culturaneuroactiva.com\/site\/conexiontrascendente\/#\/schema\/logo\/image\/\",\"url\":\"https:\/\/culturaneuroactiva.com\/site\/conexiontrascendente\/wp-content\/uploads\/sites\/7\/2017\/06\/iconConexionTrascendente_128.png\",\"contentUrl\":\"https:\/\/culturaneuroactiva.com\/site\/conexiontrascendente\/wp-content\/uploads\/sites\/7\/2017\/06\/iconConexionTrascendente_128.png\",\"width\":128,\"height\":128,\"caption\":\"Conexi\u00f3n Trascendente\"},\"image\":{\"@id\":\"https:\/\/culturaneuroactiva.com\/site\/conexiontrascendente\/#\/schema\/logo\/image\/\"}}]}<\/script>\n<!-- \/ Yoast SEO plugin. -->","yoast_head_json":{"title":"Servicios para Empresas - Conexi\u00f3n Trascendente","robots":{"index":"index","follow":"follow","max-snippet":"max-snippet:-1","max-image-preview":"max-image-preview:large","max-video-preview":"max-video-preview:-1"},"canonical":"https:\/\/culturaneuroactiva.com\/site\/conexiontrascendente\/servicios-para-empresas\/","og_locale":"es_ES","og_type":"article","og_title":"Servicios para Empresas - Conexi\u00f3n Trascendente","og_description":"Beneficia tu empresa con este paquete de servicios creados con las m\u00e1s avanzadas t\u00e9cnicas en relajaci\u00f3n y meditaci\u00f3n, para el","og_url":"https:\/\/culturaneuroactiva.com\/site\/conexiontrascendente\/servicios-para-empresas\/","og_site_name":"Conexi\u00f3n Trascendente","article_modified_time":"2017-09-14T00:35:25+00:00","og_image":[{"url":"http:\/\/culturaneuroactiva.com\/site\/conexion\/wp-content\/uploads\/sites\/7\/2017\/08\/26032840542_c3579aa9e4_z-e1505349236698-300x180.jpg","type":"","width":"","height":""}],"twitter_card":"summary_large_image","twitter_misc":{"Tiempo de lectura":"2 minutos"},"schema":{"@context":"https:\/\/schema.org","@graph":[{"@type":"WebPage","@id":"https:\/\/culturaneuroactiva.com\/site\/conexiontrascendente\/servicios-para-empresas\/","url":"https:\/\/culturaneuroactiva.com\/site\/conexiontrascendente\/servicios-para-empresas\/","name":"Servicios para Empresas - Conexi\u00f3n Trascendente","isPartOf":{"@id":"https:\/\/culturaneuroactiva.com\/site\/conexiontrascendente\/#website"},"primaryImageOfPage":{"@id":"https:\/\/culturaneuroactiva.com\/site\/conexiontrascendente\/servicios-para-empresas\/#primaryimage"},"image":{"@id":"https:\/\/culturaneuroactiva.com\/site\/conexiontrascendente\/servicios-para-empresas\/#primaryimage"},"thumbnailUrl":"http:\/\/culturaneuroactiva.com\/site\/conexion\/wp-content\/uploads\/sites\/7\/2017\/08\/26032840542_c3579aa9e4_z-e1505349236698-300x180.jpg","datePublished":"2017-08-30T04:30:24+00:00","dateModified":"2017-09-14T00:35:25+00:00","breadcrumb":{"@id":"https:\/\/culturaneuroactiva.com\/site\/conexiontrascendente\/servicios-para-empresas\/#breadcrumb"},"inLanguage":"es","potentialAction":[{"@type":"ReadAction","target":["https:\/\/culturaneuroactiva.com\/site\/conexiontrascendente\/servicios-para-empresas\/"]}]},{"@type":"ImageObject","inLanguage":"es","@id":"https:\/\/culturaneuroactiva.com\/site\/conexiontrascendente\/servicios-para-empresas\/#primaryimage","url":"http:\/\/culturaneuroactiva.com\/site\/conexion\/wp-content\/uploads\/sites\/7\/2017\/08\/26032840542_c3579aa9e4_z-e1505349236698-300x180.jpg","contentUrl":"http:\/\/culturaneuroactiva.com\/site\/conexion\/wp-content\/uploads\/sites\/7\/2017\/08\/26032840542_c3579aa9e4_z-e1505349236698-300x180.jpg"},{"@type":"BreadcrumbList","@id":"https:\/\/culturaneuroactiva.com\/site\/conexiontrascendente\/servicios-para-empresas\/#breadcrumb","itemListElement":[{"@type":"ListItem","position":1,"name":"Portada","item":"https:\/\/culturaneuroactiva.com\/site\/conexiontrascendente\/"},{"@type":"ListItem","position":2,"name":"Servicios para Empresas"}]},{"@type":"WebSite","@id":"https:\/\/culturaneuroactiva.com\/site\/conexiontrascendente\/#website","url":"https:\/\/culturaneuroactiva.com\/site\/conexiontrascendente\/","name":"Conexi\u00f3n Trascendente","description":"Servicios para el Alma","publisher":{"@id":"https:\/\/culturaneuroactiva.com\/site\/conexiontrascendente\/#organization"},"potentialAction":[{"@type":"SearchAction","target":{"@type":"EntryPoint","urlTemplate":"https:\/\/culturaneuroactiva.com\/site\/conexiontrascendente\/?s={search_term_string}"},"query-input":{"@type":"PropertyValueSpecification","valueRequired":true,"valueName":"search_term_string"}}],"inLanguage":"es"},{"@type":"Organization","@id":"https:\/\/culturaneuroactiva.com\/site\/conexiontrascendente\/#organization","name":"Conexi\u00f3n Trascendente","url":"https:\/\/culturaneuroactiva.com\/site\/conexiontrascendente\/","logo":{"@type":"ImageObject","inLanguage":"es","@id":"https:\/\/culturaneuroactiva.com\/site\/conexiontrascendente\/#\/schema\/logo\/image\/","url":"https:\/\/culturaneuroactiva.com\/site\/conexiontrascendente\/wp-content\/uploads\/sites\/7\/2017\/06\/iconConexionTrascendente_128.png","contentUrl":"https:\/\/culturaneuroactiva.com\/site\/conexiontrascendente\/wp-content\/uploads\/sites\/7\/2017\/06\/iconConexionTrascendente_128.png","width":128,"height":128,"caption":"Conexi\u00f3n Trascendente"},"image":{"@id":"https:\/\/culturaneuroactiva.com\/site\/conexiontrascendente\/#\/schema\/logo\/image\/"}}]}},"_links":{"self":[{"href":"https:\/\/culturaneuroactiva.com\/site\/conexiontrascendente\/wp-json\/wp\/v2\/pages\/200","targetHints":{"allow":["GET"]}}],"collection":[{"href":"https:\/\/culturaneuroactiva.com\/site\/conexiontrascendente\/wp-json\/wp\/v2\/pages"}],"about":[{"href":"https:\/\/culturaneuroactiva.com\/site\/conexiontrascendente\/wp-json\/wp\/v2\/types\/page"}],"author":[{"embeddable":true,"href":"https:\/\/culturaneuroactiva.com\/site\/conexiontrascendente\/wp-json\/wp\/v2\/users\/1"}],"replies":[{"embeddable":true,"href":"https:\/\/culturaneuroactiva.com\/site\/conexiontrascendente\/wp-json\/wp\/v2\/comments?post=200"}],"version-history":[{"count":5,"href":"https:\/\/culturaneuroactiva.com\/site\/conexiontrascendente\/wp-json\/wp\/v2\/pages\/200\/revisions"}],"predecessor-version":[{"id":270,"href":"https:\/\/culturaneuroactiva.com\/site\/conexiontrascendente\/wp-json\/wp\/v2\/pages\/200\/revisions\/270"}],"wp:attachment":[{"href":"https:\/\/culturaneuroactiva.com\/site\/conexiontrascendente\/wp-json\/wp\/v2\/media?parent=200"}],"curies":[{"name":"wp","href":"https:\/\/api.w.org\/{rel}","templated":true}]}}