{"id":198,"date":"2017-08-30T04:25:01","date_gmt":"2017-08-30T04:25:01","guid":{"rendered":"http:\/\/culturaneuroactiva.com\/site\/conexion\/?page_id=198"},"modified":"2018-05-11T19:59:43","modified_gmt":"2018-05-11T19:59:43","slug":"servicios-individuales","status":"publish","type":"page","link":"https:\/\/culturaneuroactiva.com\/site\/conexiontrascendente\/servicios-individuales\/","title":{"rendered":"Servicios Individuales"},"content":{"rendered":"<p><img loading=\"lazy\" decoding=\"async\" class=\" wp-image-272 aligncenter\" src=\"http:\/\/culturaneuroactiva.com\/site\/conexion\/wp-content\/uploads\/sites\/7\/2017\/08\/IMG_7579-1-e1505350026851-300x245.jpg\" alt=\"\" width=\"504\" height=\"412\" srcset=\"https:\/\/culturaneuroactiva.com\/site\/conexiontrascendente\/wp-content\/uploads\/sites\/7\/2017\/08\/IMG_7579-1-e1505350026851-300x245.jpg 300w, https:\/\/culturaneuroactiva.com\/site\/conexiontrascendente\/wp-content\/uploads\/sites\/7\/2017\/08\/IMG_7579-1-e1505350026851-768x628.jpg 768w, https:\/\/culturaneuroactiva.com\/site\/conexiontrascendente\/wp-content\/uploads\/sites\/7\/2017\/08\/IMG_7579-1-e1505350026851-1024x838.jpg 1024w, https:\/\/culturaneuroactiva.com\/site\/conexiontrascendente\/wp-content\/uploads\/sites\/7\/2017\/08\/IMG_7579-1-e1505350026851-600x491.jpg 600w, https:\/\/culturaneuroactiva.com\/site\/conexiontrascendente\/wp-content\/uploads\/sites\/7\/2017\/08\/IMG_7579-1-e1505350026851.jpg 1999w\" sizes=\"auto, (max-width: 504px) 100vw, 504px\" \/><\/p>\n<h6><span style=\"color: #319191;\"><strong>Relajaci\u00f3n Sonora<\/strong><\/span><\/h6>\n<p>Sum\u00e9rgete en una experiencia m\u00edstica y viaja mentalmente por la selva m\u00e1gica, en esta terapia individual elaborada con cantos ancestrales, instrumentos ind\u00edgenas, sonidos naturales, aromaterapia, iluminaci\u00f3n y decoraci\u00f3n contemplativa, esta fusi\u00f3n de t\u00e9cnicas psicoespirituales tiene la propiedad de inducir a experiencias de meditaci\u00f3n, canalizaci\u00f3n y sanaci\u00f3n, debido a que activan los sentidos internos y las habilidades mentales.<\/p>\n<ul>\n<li>DURACI\u00d3N: Dos horas<\/li>\n<\/ul>\n<p>&nbsp;<\/p>\n<h6><span style=\"color: #319191;\"><strong>Coaching Psicoespiritual<\/strong><\/span><\/h6>\n<p>Recibe capacitaci\u00f3n especializada para lograr tus objetivos en las siguientes b\u00fasquedas personales: T\u00e9cnicas antiestr\u00e9s, crisis espirituales, educaci\u00f3n para la trascendencia, misticismo personal, proceso interior, b\u00fasqueda de serenidad y paz interior, manejo de plantas sagradas, cannabis terap\u00e9utica, rehabilitaci\u00f3n y prevenci\u00f3n en drogas, proyecto de vida, realizaci\u00f3n de sue\u00f1os, depuraci\u00f3n del yo, soluci\u00f3n de problemas, orientaci\u00f3n de personas \u00edndigo y cristal.<\/p>\n<ul>\n<li>DURACI\u00d3N: Tres horas.<\/li>\n<\/ul>\n<p>&nbsp;<\/p>\n<h6><span style=\"color: #319191;\"><strong>Combo Terap\u00e9utico<\/strong><\/span><\/h6>\n<p>Conoce la sanaci\u00f3n que se produce al fusionar: Terapia neuroactiva, aromaterapia ancestral y relajaci\u00f3n sonora, con lo que encontrar\u00e1s el sentido y la soluci\u00f3n del problema que atraviesas, y luego podr\u00e1s disfrutar de un verdadero spa para el alma.<\/p>\n<ul>\n<li>DURACI\u00d3N: Cinco horas.<\/li>\n<\/ul>\n<p>&nbsp;<\/p>\n<h6><span style=\"color: #319191;\"><strong>Spa Cuerpo y Alma<\/strong><\/span><\/h6>\n<p>Este spa integral inicia con una ceremonia de t\u00e9, y luego fusiona las mejores t\u00e9cnicas de relajaci\u00f3n: Masaje, reflexolog\u00eda, y meditaci\u00f3n con sonidos sagrados, por lo que es especial para eliminar el estr\u00e9s por medio de esta experiencia trascendente, que relaja el cuerpo y sana el alma.<\/p>\n<ul>\n<li>DURACI\u00d3N: Dos horas.<\/li>\n<\/ul>\n<p>&nbsp;<\/p>\n<h6><span style=\"color: #319191;\"><strong>Ritual de Sanaci\u00f3n Ancestral<\/strong><\/span><\/h6>\n<p>Vive una experiencia en el otro lado de la realidad, conoce c\u00f3mo funciona la sanaci\u00f3n en los rituales ancestrales, y goza de los beneficios que ofrecen los estados de trance terap\u00e9utico, por medio de este taller-ritual inspirado en la medicina tradicional de las tribus americanas. Incluye charla sobre niveles y manejo del trance, rueda de\u00a0<span style=\"line-height: 1.5;\">\u00a0<\/span><span style=\"line-height: inherit;\">medicina,\u00a0<\/span><span style=\"line-height: 1.5;\">aromaterapia natural, y<\/span><span style=\"line-height: inherit;\">\u00a0concierto de m\u00fasica ancestral.<\/span><\/p>\n<ul>\n<li>DURACI\u00d3N: Cinco horas.<\/li>\n<\/ul>\n<p>&nbsp;<\/p>\n<h6><\/h6>\n<h6><span style=\"color: #319191;\"><strong>Todos los servicios requieren cita previa:<\/strong><\/span><\/h6>\n<ul>\n<li>Celular. 3127994357<\/li>\n<li>\u00a0conexion@culturaneuroactiva.com<\/li>\n<li>Cll.47B # 93A-25<\/li>\n<li>conexion.culturaneuroactiva.com<\/li>\n<\/ul>\n","protected":false},"excerpt":{"rendered":"<p>Relajaci\u00f3n Sonora Sum\u00e9rgete en una experiencia m\u00edstica y viaja mentalmente por la selva m\u00e1gica, en esta terapia individual elaborada con<\/p>\n","protected":false},"author":1,"featured_media":0,"parent":0,"menu_order":0,"comment_status":"closed","ping_status":"closed","template":"","meta":{"colormag_page_layout":"no_sidebar_content_centered","footnotes":""},"class_list":["post-198","page","type-page","status-publish","hentry"],"yoast_head":"<!-- This site is optimized with the Yoast SEO plugin v25.6 - https:\/\/yoast.com\/wordpress\/plugins\/seo\/ -->\n<title>Servicios Individuales - Conexi\u00f3n Trascendente<\/title>\n<meta name=\"robots\" content=\"index, follow, max-snippet:-1, max-image-preview:large, max-video-preview:-1\" \/>\n<link rel=\"canonical\" href=\"https:\/\/culturaneuroactiva.com\/site\/conexiontrascendente\/servicios-individuales\/\" \/>\n<meta property=\"og:locale\" content=\"es_ES\" \/>\n<meta property=\"og:type\" content=\"article\" \/>\n<meta property=\"og:title\" content=\"Servicios Individuales - Conexi\u00f3n Trascendente\" \/>\n<meta property=\"og:description\" content=\"Relajaci\u00f3n Sonora Sum\u00e9rgete en una experiencia m\u00edstica y viaja mentalmente por la selva m\u00e1gica, en esta terapia individual elaborada con\" \/>\n<meta property=\"og:url\" content=\"https:\/\/culturaneuroactiva.com\/site\/conexiontrascendente\/servicios-individuales\/\" \/>\n<meta property=\"og:site_name\" content=\"Conexi\u00f3n Trascendente\" \/>\n<meta property=\"article:modified_time\" content=\"2018-05-11T19:59:43+00:00\" \/>\n<meta property=\"og:image\" content=\"http:\/\/culturaneuroactiva.com\/site\/conexion\/wp-content\/uploads\/sites\/7\/2017\/08\/IMG_7579-1-e1505350026851-300x245.jpg\" \/>\n<meta name=\"twitter:card\" content=\"summary_large_image\" \/>\n<meta name=\"twitter:label1\" content=\"Tiempo de lectura\" \/>\n\t<meta name=\"twitter:data1\" content=\"2 minutos\" \/>\n<script type=\"application\/ld+json\" class=\"yoast-schema-graph\">{\"@context\":\"https:\/\/schema.org\",\"@graph\":[{\"@type\":\"WebPage\",\"@id\":\"https:\/\/culturaneuroactiva.com\/site\/conexiontrascendente\/servicios-individuales\/\",\"url\":\"https:\/\/culturaneuroactiva.com\/site\/conexiontrascendente\/servicios-individuales\/\",\"name\":\"Servicios Individuales - Conexi\u00f3n Trascendente\",\"isPartOf\":{\"@id\":\"https:\/\/culturaneuroactiva.com\/site\/conexiontrascendente\/#website\"},\"primaryImageOfPage\":{\"@id\":\"https:\/\/culturaneuroactiva.com\/site\/conexiontrascendente\/servicios-individuales\/#primaryimage\"},\"image\":{\"@id\":\"https:\/\/culturaneuroactiva.com\/site\/conexiontrascendente\/servicios-individuales\/#primaryimage\"},\"thumbnailUrl\":\"http:\/\/culturaneuroactiva.com\/site\/conexion\/wp-content\/uploads\/sites\/7\/2017\/08\/IMG_7579-1-e1505350026851-300x245.jpg\",\"datePublished\":\"2017-08-30T04:25:01+00:00\",\"dateModified\":\"2018-05-11T19:59:43+00:00\",\"breadcrumb\":{\"@id\":\"https:\/\/culturaneuroactiva.com\/site\/conexiontrascendente\/servicios-individuales\/#breadcrumb\"},\"inLanguage\":\"es\",\"potentialAction\":[{\"@type\":\"ReadAction\",\"target\":[\"https:\/\/culturaneuroactiva.com\/site\/conexiontrascendente\/servicios-individuales\/\"]}]},{\"@type\":\"ImageObject\",\"inLanguage\":\"es\",\"@id\":\"https:\/\/culturaneuroactiva.com\/site\/conexiontrascendente\/servicios-individuales\/#primaryimage\",\"url\":\"http:\/\/culturaneuroactiva.com\/site\/conexion\/wp-content\/uploads\/sites\/7\/2017\/08\/IMG_7579-1-e1505350026851-300x245.jpg\",\"contentUrl\":\"http:\/\/culturaneuroactiva.com\/site\/conexion\/wp-content\/uploads\/sites\/7\/2017\/08\/IMG_7579-1-e1505350026851-300x245.jpg\"},{\"@type\":\"BreadcrumbList\",\"@id\":\"https:\/\/culturaneuroactiva.com\/site\/conexiontrascendente\/servicios-individuales\/#breadcrumb\",\"itemListElement\":[{\"@type\":\"ListItem\",\"position\":1,\"name\":\"Portada\",\"item\":\"https:\/\/culturaneuroactiva.com\/site\/conexiontrascendente\/\"},{\"@type\":\"ListItem\",\"position\":2,\"name\":\"Servicios Individuales\"}]},{\"@type\":\"WebSite\",\"@id\":\"https:\/\/culturaneuroactiva.com\/site\/conexiontrascendente\/#website\",\"url\":\"https:\/\/culturaneuroactiva.com\/site\/conexiontrascendente\/\",\"name\":\"Conexi\u00f3n Trascendente\",\"description\":\"Servicios para el Alma\",\"publisher\":{\"@id\":\"https:\/\/culturaneuroactiva.com\/site\/conexiontrascendente\/#organization\"},\"potentialAction\":[{\"@type\":\"SearchAction\",\"target\":{\"@type\":\"EntryPoint\",\"urlTemplate\":\"https:\/\/culturaneuroactiva.com\/site\/conexiontrascendente\/?s={search_term_string}\"},\"query-input\":{\"@type\":\"PropertyValueSpecification\",\"valueRequired\":true,\"valueName\":\"search_term_string\"}}],\"inLanguage\":\"es\"},{\"@type\":\"Organization\",\"@id\":\"https:\/\/culturaneuroactiva.com\/site\/conexiontrascendente\/#organization\",\"name\":\"Conexi\u00f3n Trascendente\",\"url\":\"https:\/\/culturaneuroactiva.com\/site\/conexiontrascendente\/\",\"logo\":{\"@type\":\"ImageObject\",\"inLanguage\":\"es\",\"@id\":\"https:\/\/culturaneuroactiva.com\/site\/conexiontrascendente\/#\/schema\/logo\/image\/\",\"url\":\"https:\/\/culturaneuroactiva.com\/site\/conexiontrascendente\/wp-content\/uploads\/sites\/7\/2017\/06\/iconConexionTrascendente_128.png\",\"contentUrl\":\"https:\/\/culturaneuroactiva.com\/site\/conexiontrascendente\/wp-content\/uploads\/sites\/7\/2017\/06\/iconConexionTrascendente_128.png\",\"width\":128,\"height\":128,\"caption\":\"Conexi\u00f3n Trascendente\"},\"image\":{\"@id\":\"https:\/\/culturaneuroactiva.com\/site\/conexiontrascendente\/#\/schema\/logo\/image\/\"}}]}<\/script>\n<!-- \/ Yoast SEO plugin. -->","yoast_head_json":{"title":"Servicios Individuales - Conexi\u00f3n Trascendente","robots":{"index":"index","follow":"follow","max-snippet":"max-snippet:-1","max-image-preview":"max-image-preview:large","max-video-preview":"max-video-preview:-1"},"canonical":"https:\/\/culturaneuroactiva.com\/site\/conexiontrascendente\/servicios-individuales\/","og_locale":"es_ES","og_type":"article","og_title":"Servicios Individuales - Conexi\u00f3n Trascendente","og_description":"Relajaci\u00f3n Sonora Sum\u00e9rgete en una experiencia m\u00edstica y viaja mentalmente por la selva m\u00e1gica, en esta terapia individual elaborada con","og_url":"https:\/\/culturaneuroactiva.com\/site\/conexiontrascendente\/servicios-individuales\/","og_site_name":"Conexi\u00f3n Trascendente","article_modified_time":"2018-05-11T19:59:43+00:00","og_image":[{"url":"http:\/\/culturaneuroactiva.com\/site\/conexion\/wp-content\/uploads\/sites\/7\/2017\/08\/IMG_7579-1-e1505350026851-300x245.jpg","type":"","width":"","height":""}],"twitter_card":"summary_large_image","twitter_misc":{"Tiempo de lectura":"2 minutos"},"schema":{"@context":"https:\/\/schema.org","@graph":[{"@type":"WebPage","@id":"https:\/\/culturaneuroactiva.com\/site\/conexiontrascendente\/servicios-individuales\/","url":"https:\/\/culturaneuroactiva.com\/site\/conexiontrascendente\/servicios-individuales\/","name":"Servicios Individuales - Conexi\u00f3n Trascendente","isPartOf":{"@id":"https:\/\/culturaneuroactiva.com\/site\/conexiontrascendente\/#website"},"primaryImageOfPage":{"@id":"https:\/\/culturaneuroactiva.com\/site\/conexiontrascendente\/servicios-individuales\/#primaryimage"},"image":{"@id":"https:\/\/culturaneuroactiva.com\/site\/conexiontrascendente\/servicios-individuales\/#primaryimage"},"thumbnailUrl":"http:\/\/culturaneuroactiva.com\/site\/conexion\/wp-content\/uploads\/sites\/7\/2017\/08\/IMG_7579-1-e1505350026851-300x245.jpg","datePublished":"2017-08-30T04:25:01+00:00","dateModified":"2018-05-11T19:59:43+00:00","breadcrumb":{"@id":"https:\/\/culturaneuroactiva.com\/site\/conexiontrascendente\/servicios-individuales\/#breadcrumb"},"inLanguage":"es","potentialAction":[{"@type":"ReadAction","target":["https:\/\/culturaneuroactiva.com\/site\/conexiontrascendente\/servicios-individuales\/"]}]},{"@type":"ImageObject","inLanguage":"es","@id":"https:\/\/culturaneuroactiva.com\/site\/conexiontrascendente\/servicios-individuales\/#primaryimage","url":"http:\/\/culturaneuroactiva.com\/site\/conexion\/wp-content\/uploads\/sites\/7\/2017\/08\/IMG_7579-1-e1505350026851-300x245.jpg","contentUrl":"http:\/\/culturaneuroactiva.com\/site\/conexion\/wp-content\/uploads\/sites\/7\/2017\/08\/IMG_7579-1-e1505350026851-300x245.jpg"},{"@type":"BreadcrumbList","@id":"https:\/\/culturaneuroactiva.com\/site\/conexiontrascendente\/servicios-individuales\/#breadcrumb","itemListElement":[{"@type":"ListItem","position":1,"name":"Portada","item":"https:\/\/culturaneuroactiva.com\/site\/conexiontrascendente\/"},{"@type":"ListItem","position":2,"name":"Servicios Individuales"}]},{"@type":"WebSite","@id":"https:\/\/culturaneuroactiva.com\/site\/conexiontrascendente\/#website","url":"https:\/\/culturaneuroactiva.com\/site\/conexiontrascendente\/","name":"Conexi\u00f3n Trascendente","description":"Servicios para el Alma","publisher":{"@id":"https:\/\/culturaneuroactiva.com\/site\/conexiontrascendente\/#organization"},"potentialAction":[{"@type":"SearchAction","target":{"@type":"EntryPoint","urlTemplate":"https:\/\/culturaneuroactiva.com\/site\/conexiontrascendente\/?s={search_term_string}"},"query-input":{"@type":"PropertyValueSpecification","valueRequired":true,"valueName":"search_term_string"}}],"inLanguage":"es"},{"@type":"Organization","@id":"https:\/\/culturaneuroactiva.com\/site\/conexiontrascendente\/#organization","name":"Conexi\u00f3n Trascendente","url":"https:\/\/culturaneuroactiva.com\/site\/conexiontrascendente\/","logo":{"@type":"ImageObject","inLanguage":"es","@id":"https:\/\/culturaneuroactiva.com\/site\/conexiontrascendente\/#\/schema\/logo\/image\/","url":"https:\/\/culturaneuroactiva.com\/site\/conexiontrascendente\/wp-content\/uploads\/sites\/7\/2017\/06\/iconConexionTrascendente_128.png","contentUrl":"https:\/\/culturaneuroactiva.com\/site\/conexiontrascendente\/wp-content\/uploads\/sites\/7\/2017\/06\/iconConexionTrascendente_128.png","width":128,"height":128,"caption":"Conexi\u00f3n Trascendente"},"image":{"@id":"https:\/\/culturaneuroactiva.com\/site\/conexiontrascendente\/#\/schema\/logo\/image\/"}}]}},"_links":{"self":[{"href":"https:\/\/culturaneuroactiva.com\/site\/conexiontrascendente\/wp-json\/wp\/v2\/pages\/198","targetHints":{"allow":["GET"]}}],"collection":[{"href":"https:\/\/culturaneuroactiva.com\/site\/conexiontrascendente\/wp-json\/wp\/v2\/pages"}],"about":[{"href":"https:\/\/culturaneuroactiva.com\/site\/conexiontrascendente\/wp-json\/wp\/v2\/types\/page"}],"author":[{"embeddable":true,"href":"https:\/\/culturaneuroactiva.com\/site\/conexiontrascendente\/wp-json\/wp\/v2\/users\/1"}],"replies":[{"embeddable":true,"href":"https:\/\/culturaneuroactiva.com\/site\/conexiontrascendente\/wp-json\/wp\/v2\/comments?post=198"}],"version-history":[{"count":7,"href":"https:\/\/culturaneuroactiva.com\/site\/conexiontrascendente\/wp-json\/wp\/v2\/pages\/198\/revisions"}],"predecessor-version":[{"id":305,"href":"https:\/\/culturaneuroactiva.com\/site\/conexiontrascendente\/wp-json\/wp\/v2\/pages\/198\/revisions\/305"}],"wp:attachment":[{"href":"https:\/\/culturaneuroactiva.com\/site\/conexiontrascendente\/wp-json\/wp\/v2\/media?parent=198"}],"curies":[{"name":"wp","href":"https:\/\/api.w.org\/{rel}","templated":true}]}}