{"id":19,"date":"2017-05-17T02:11:43","date_gmt":"2017-05-17T02:11:43","guid":{"rendered":"http:\/\/culturaneuroactiva.com\/site\/conexion\/?page_id=19"},"modified":"2017-09-03T00:40:27","modified_gmt":"2017-09-03T00:40:27","slug":"contactenos","status":"publish","type":"page","link":"https:\/\/culturaneuroactiva.com\/site\/conexiontrascendente\/contactenos\/","title":{"rendered":"Cont\u00e1ctenos"},"content":{"rendered":"<h6><span style=\"color: #008080;\">Expresa tus inquietudes o reserva el servicio que necesites:<\/span><\/h6>\n<ul>\n<li>\n<h6><strong>Correo Electr\u00f3nico:<\/strong> conexiontrascendente@gmail.com<\/h6>\n<\/li>\n<li>\n<h6><strong>Celular:<\/strong> 312 799 4357<\/h6>\n<\/li>\n<\/ul>\n","protected":false},"excerpt":{"rendered":"<p>Expresa tus inquietudes o reserva el servicio que necesites: Correo Electr\u00f3nico: conexiontrascendente@gmail.com Celular: 312 799 4357<\/p>\n","protected":false},"author":1,"featured_media":0,"parent":0,"menu_order":0,"comment_status":"closed","ping_status":"closed","template":"","meta":{"colormag_page_layout":"no_sidebar_content_centered","footnotes":""},"class_list":["post-19","page","type-page","status-publish","hentry"],"yoast_head":"<!-- This site is optimized with the Yoast SEO plugin v25.6 - https:\/\/yoast.com\/wordpress\/plugins\/seo\/ -->\n<title>Cont\u00e1ctenos - Conexi\u00f3n Trascendente<\/title>\n<meta name=\"robots\" content=\"index, follow, max-snippet:-1, max-image-preview:large, max-video-preview:-1\" \/>\n<link rel=\"canonical\" href=\"https:\/\/culturaneuroactiva.com\/site\/conexiontrascendente\/contactenos\/\" \/>\n<meta property=\"og:locale\" content=\"es_ES\" \/>\n<meta property=\"og:type\" content=\"article\" \/>\n<meta property=\"og:title\" content=\"Cont\u00e1ctenos - Conexi\u00f3n Trascendente\" \/>\n<meta property=\"og:description\" content=\"Expresa tus inquietudes o reserva el servicio que necesites: Correo Electr\u00f3nico: conexiontrascendente@gmail.com Celular: 312 799 4357\" \/>\n<meta property=\"og:url\" content=\"https:\/\/culturaneuroactiva.com\/site\/conexiontrascendente\/contactenos\/\" \/>\n<meta property=\"og:site_name\" content=\"Conexi\u00f3n Trascendente\" \/>\n<meta property=\"article:modified_time\" content=\"2017-09-03T00:40:27+00:00\" \/>\n<meta name=\"twitter:card\" content=\"summary_large_image\" \/>\n<script type=\"application\/ld+json\" class=\"yoast-schema-graph\">{\"@context\":\"https:\/\/schema.org\",\"@graph\":[{\"@type\":\"WebPage\",\"@id\":\"https:\/\/culturaneuroactiva.com\/site\/conexiontrascendente\/contactenos\/\",\"url\":\"https:\/\/culturaneuroactiva.com\/site\/conexiontrascendente\/contactenos\/\",\"name\":\"Cont\u00e1ctenos - Conexi\u00f3n Trascendente\",\"isPartOf\":{\"@id\":\"https:\/\/culturaneuroactiva.com\/site\/conexiontrascendente\/#website\"},\"datePublished\":\"2017-05-17T02:11:43+00:00\",\"dateModified\":\"2017-09-03T00:40:27+00:00\",\"breadcrumb\":{\"@id\":\"https:\/\/culturaneuroactiva.com\/site\/conexiontrascendente\/contactenos\/#breadcrumb\"},\"inLanguage\":\"es\",\"potentialAction\":[{\"@type\":\"ReadAction\",\"target\":[\"https:\/\/culturaneuroactiva.com\/site\/conexiontrascendente\/contactenos\/\"]}]},{\"@type\":\"BreadcrumbList\",\"@id\":\"https:\/\/culturaneuroactiva.com\/site\/conexiontrascendente\/contactenos\/#breadcrumb\",\"itemListElement\":[{\"@type\":\"ListItem\",\"position\":1,\"name\":\"Portada\",\"item\":\"https:\/\/culturaneuroactiva.com\/site\/conexiontrascendente\/\"},{\"@type\":\"ListItem\",\"position\":2,\"name\":\"Cont\u00e1ctenos\"}]},{\"@type\":\"WebSite\",\"@id\":\"https:\/\/culturaneuroactiva.com\/site\/conexiontrascendente\/#website\",\"url\":\"https:\/\/culturaneuroactiva.com\/site\/conexiontrascendente\/\",\"name\":\"Conexi\u00f3n Trascendente\",\"description\":\"Servicios para el Alma\",\"publisher\":{\"@id\":\"https:\/\/culturaneuroactiva.com\/site\/conexiontrascendente\/#organization\"},\"potentialAction\":[{\"@type\":\"SearchAction\",\"target\":{\"@type\":\"EntryPoint\",\"urlTemplate\":\"https:\/\/culturaneuroactiva.com\/site\/conexiontrascendente\/?s={search_term_string}\"},\"query-input\":{\"@type\":\"PropertyValueSpecification\",\"valueRequired\":true,\"valueName\":\"search_term_string\"}}],\"inLanguage\":\"es\"},{\"@type\":\"Organization\",\"@id\":\"https:\/\/culturaneuroactiva.com\/site\/conexiontrascendente\/#organization\",\"name\":\"Conexi\u00f3n Trascendente\",\"url\":\"https:\/\/culturaneuroactiva.com\/site\/conexiontrascendente\/\",\"logo\":{\"@type\":\"ImageObject\",\"inLanguage\":\"es\",\"@id\":\"https:\/\/culturaneuroactiva.com\/site\/conexiontrascendente\/#\/schema\/logo\/image\/\",\"url\":\"https:\/\/culturaneuroactiva.com\/site\/conexiontrascendente\/wp-content\/uploads\/sites\/7\/2017\/06\/iconConexionTrascendente_128.png\",\"contentUrl\":\"https:\/\/culturaneuroactiva.com\/site\/conexiontrascendente\/wp-content\/uploads\/sites\/7\/2017\/06\/iconConexionTrascendente_128.png\",\"width\":128,\"height\":128,\"caption\":\"Conexi\u00f3n Trascendente\"},\"image\":{\"@id\":\"https:\/\/culturaneuroactiva.com\/site\/conexiontrascendente\/#\/schema\/logo\/image\/\"}}]}<\/script>\n<!-- \/ Yoast SEO plugin. -->","yoast_head_json":{"title":"Cont\u00e1ctenos - Conexi\u00f3n Trascendente","robots":{"index":"index","follow":"follow","max-snippet":"max-snippet:-1","max-image-preview":"max-image-preview:large","max-video-preview":"max-video-preview:-1"},"canonical":"https:\/\/culturaneuroactiva.com\/site\/conexiontrascendente\/contactenos\/","og_locale":"es_ES","og_type":"article","og_title":"Cont\u00e1ctenos - Conexi\u00f3n Trascendente","og_description":"Expresa tus inquietudes o reserva el servicio que necesites: Correo Electr\u00f3nico: conexiontrascendente@gmail.com Celular: 312 799 4357","og_url":"https:\/\/culturaneuroactiva.com\/site\/conexiontrascendente\/contactenos\/","og_site_name":"Conexi\u00f3n Trascendente","article_modified_time":"2017-09-03T00:40:27+00:00","twitter_card":"summary_large_image","schema":{"@context":"https:\/\/schema.org","@graph":[{"@type":"WebPage","@id":"https:\/\/culturaneuroactiva.com\/site\/conexiontrascendente\/contactenos\/","url":"https:\/\/culturaneuroactiva.com\/site\/conexiontrascendente\/contactenos\/","name":"Cont\u00e1ctenos - Conexi\u00f3n Trascendente","isPartOf":{"@id":"https:\/\/culturaneuroactiva.com\/site\/conexiontrascendente\/#website"},"datePublished":"2017-05-17T02:11:43+00:00","dateModified":"2017-09-03T00:40:27+00:00","breadcrumb":{"@id":"https:\/\/culturaneuroactiva.com\/site\/conexiontrascendente\/contactenos\/#breadcrumb"},"inLanguage":"es","potentialAction":[{"@type":"ReadAction","target":["https:\/\/culturaneuroactiva.com\/site\/conexiontrascendente\/contactenos\/"]}]},{"@type":"BreadcrumbList","@id":"https:\/\/culturaneuroactiva.com\/site\/conexiontrascendente\/contactenos\/#breadcrumb","itemListElement":[{"@type":"ListItem","position":1,"name":"Portada","item":"https:\/\/culturaneuroactiva.com\/site\/conexiontrascendente\/"},{"@type":"ListItem","position":2,"name":"Cont\u00e1ctenos"}]},{"@type":"WebSite","@id":"https:\/\/culturaneuroactiva.com\/site\/conexiontrascendente\/#website","url":"https:\/\/culturaneuroactiva.com\/site\/conexiontrascendente\/","name":"Conexi\u00f3n Trascendente","description":"Servicios para el Alma","publisher":{"@id":"https:\/\/culturaneuroactiva.com\/site\/conexiontrascendente\/#organization"},"potentialAction":[{"@type":"SearchAction","target":{"@type":"EntryPoint","urlTemplate":"https:\/\/culturaneuroactiva.com\/site\/conexiontrascendente\/?s={search_term_string}"},"query-input":{"@type":"PropertyValueSpecification","valueRequired":true,"valueName":"search_term_string"}}],"inLanguage":"es"},{"@type":"Organization","@id":"https:\/\/culturaneuroactiva.com\/site\/conexiontrascendente\/#organization","name":"Conexi\u00f3n Trascendente","url":"https:\/\/culturaneuroactiva.com\/site\/conexiontrascendente\/","logo":{"@type":"ImageObject","inLanguage":"es","@id":"https:\/\/culturaneuroactiva.com\/site\/conexiontrascendente\/#\/schema\/logo\/image\/","url":"https:\/\/culturaneuroactiva.com\/site\/conexiontrascendente\/wp-content\/uploads\/sites\/7\/2017\/06\/iconConexionTrascendente_128.png","contentUrl":"https:\/\/culturaneuroactiva.com\/site\/conexiontrascendente\/wp-content\/uploads\/sites\/7\/2017\/06\/iconConexionTrascendente_128.png","width":128,"height":128,"caption":"Conexi\u00f3n Trascendente"},"image":{"@id":"https:\/\/culturaneuroactiva.com\/site\/conexiontrascendente\/#\/schema\/logo\/image\/"}}]}},"_links":{"self":[{"href":"https:\/\/culturaneuroactiva.com\/site\/conexiontrascendente\/wp-json\/wp\/v2\/pages\/19","targetHints":{"allow":["GET"]}}],"collection":[{"href":"https:\/\/culturaneuroactiva.com\/site\/conexiontrascendente\/wp-json\/wp\/v2\/pages"}],"about":[{"href":"https:\/\/culturaneuroactiva.com\/site\/conexiontrascendente\/wp-json\/wp\/v2\/types\/page"}],"author":[{"embeddable":true,"href":"https:\/\/culturaneuroactiva.com\/site\/conexiontrascendente\/wp-json\/wp\/v2\/users\/1"}],"replies":[{"embeddable":true,"href":"https:\/\/culturaneuroactiva.com\/site\/conexiontrascendente\/wp-json\/wp\/v2\/comments?post=19"}],"version-history":[{"count":4,"href":"https:\/\/culturaneuroactiva.com\/site\/conexiontrascendente\/wp-json\/wp\/v2\/pages\/19\/revisions"}],"predecessor-version":[{"id":253,"href":"https:\/\/culturaneuroactiva.com\/site\/conexiontrascendente\/wp-json\/wp\/v2\/pages\/19\/revisions\/253"}],"wp:attachment":[{"href":"https:\/\/culturaneuroactiva.com\/site\/conexiontrascendente\/wp-json\/wp\/v2\/media?parent=19"}],"curies":[{"name":"wp","href":"https:\/\/api.w.org\/{rel}","templated":true}]}}