{"id":120,"date":"2017-07-15T22:56:24","date_gmt":"2017-07-15T22:56:24","guid":{"rendered":"http:\/\/culturaneuroactiva.com\/site\/conexion\/?page_id=120"},"modified":"2017-07-16T03:09:07","modified_gmt":"2017-07-16T03:09:07","slug":"los-modos-cognitivos-sentidos-basicos","status":"publish","type":"page","link":"https:\/\/culturaneuroactiva.com\/site\/conexiontrascendente\/los-modos-cognitivos-sentidos-basicos\/","title":{"rendered":"Los Modos Cognitivos y sus Sentidos B\u00e1sicos"},"content":{"rendered":"<h4><\/h4>\n<h4><span style=\"color: #47a8a8;\"><strong>Los Dos Modos Cognitivos\u00a0<\/strong><\/span><\/h4>\n<p>Si la realidad cotidiana se divide en dos lados, entonces la cognici\u00f3n est\u00e1 equipada naturalmente con dos modos cognitivos o enfoques perceptuales, a esto se debe que el cerebro sea una torre de control doble desde donde el observador determina el manejo que haga sobre ambos lados de la Realidad. Los dos lados del cerebro corresponden a cada uno de los hemisferios cerebrales, los cuales son la base f\u00edsica de los dos modos cognitivos, que se especializan en la captaci\u00f3n de cada lado de la Realidad por separado, el Hemisferio Izquierdo utiliza el Modo Cognitivo F\u00edsico para captar y moverse en la Realidad F\u00edsica, y el Hemisferio Derecho utiliza el Modo Cognitivo Espiritual para captar y moverse en la Realidad Espiritual; veamos un poco m\u00e1s sobre de los modos cognitivos:<\/p>\n<p><strong>\u00a0<\/strong><\/p>\n<ul>\n<li><strong>Modo Cognitivo F\u00edsico:<\/strong> Cuenta con los Sentidos Externos y por eso se especializa en la percepci\u00f3n y manejo de la Realidad F\u00edsica, en los pueblos abor\u00edgenes este modo cognitivo es llamado Tiempo Profano o Realidad Ordinaria, y en la Psicolog\u00eda se le conoce como estado de vigilia o consciente.<\/li>\n<li><strong>Modo Cognitivo Espiritual:<\/strong> Cuenta con los Sentidos Internos y por eso se especializa en la percepci\u00f3n y manejo de la Realidad Espiritual o Energ\u00e9tica, a este modo los abor\u00edgenes lo llaman el Tiempo Sagrado o Tiempo de Ensue\u00f1o (Dream Time), y en Psicolog\u00eda se le conoce como estados de trance, estados alterados de consciencia o inconsciente.<\/li>\n<\/ul>\n<p>&nbsp;<\/p>\n<h4><span style=\"color: #47a8a8;\"><strong>Base Cerebral de los Modos Cognitivos<\/strong><\/span><\/h4>\n<p>Los hemisferios cerebrales s\u00f3lo son la base de los dos modos cognitivos, ya que cada modo cognitivo est\u00e1 involucrado con otras partes del cerebro. La recepci\u00f3n de todos los est\u00edmulos que entran por los sentidos ocurre de la siguiente manera: \u201cEl estimulo sensorial llega directamente al T\u00e1lamo en el Cerebro, desde el cual parten dos se\u00f1ales o impulsos nerviosos (de naturaleza el\u00e9ctrica y qu\u00edmica), la primer se\u00f1al es m\u00e1s r\u00e1pida y se dirige a la Am\u00edgdala, el centro de las Emociones, la segunda se\u00f1al es m\u00e1s lenta y se dirige hacia la Corteza Cerebral, el centro del Pensamiento, o sea que la primera se\u00f1al (impulso nervioso) va acompa\u00f1ada de una segunda se\u00f1al exactamente igual, que ayuda a preparar a la persona, en caso de necesitar una reacci\u00f3n autom\u00e1tica frente a cualquier est\u00edmulo presente\u201d.<\/p>\n<p>En la recepci\u00f3n de est\u00edmulos sensoriales, el impulso nervioso que va del T\u00e1lamo a la Am\u00edgdala alimenta al Modo Cognitivo Espiritual, y el impulso nervioso que va del T\u00e1lamo a la Corteza Cerebral alimenta al Modo Cognitivo F\u00edsico. Otras partes del cerebro involucradas con la actividad del Modo Cognitivo F\u00edsico son, los l\u00f3bulos frontales y parietales, la circunvoluci\u00f3n frontal inferior y la corteza parietal inferior. Otras partes del cerebro involucradas con la actividad del Modo Cognitivo Espiritual son las siguientes: Las neuronas espejo, el cuerpo calloso, el sistema l\u00edmbico, el sistema endocrino, los l\u00f3bulos temporales, el cerebro primitivo y el hipot\u00e1lamo.<\/p>\n<p>&nbsp;<\/p>\n<h4><span style=\"color: #47a8a8;\"><strong>Los Sentidos de cada Modo Cognitivo<\/strong><\/span><\/h4>\n<p>Cada modo cognitivo cuenta con su propio grupo de sentidos especializados, que utilizan para captar y decodificar por separado la informaci\u00f3n contenida en cada uno de los lados de la Realidad, estos dos grupos de sentidos son los siguientes:<\/p>\n<ul>\n<li><strong>Sentidos Externos: <\/strong>Son las ventanas que tiene el Modo Cognitivo F\u00edsico para captar los est\u00edmulos provenientes de la Realidad F\u00edsica: gusto (boca), visi\u00f3n (ojos), tacto (manos-piel), olfato (nariz) y o\u00eddo (orejas), los cuales guardan una relaci\u00f3n directa a cada uno de los Sentidos Internos, como se ver\u00e1 a continuaci\u00f3n.<\/li>\n<li><strong>Sentidos Internos: <\/strong>Son las ventanas que tiene el Modo Cognitivo Espiritual para captar los est\u00edmulos provenientes de la Realidad Espiritual. Tanto el Hemisferio Derecho como el Modo Cognitivo Espiritual y los Sentidos Internos, tienen funcionamiento aut\u00f3nomo y por ello permanecen siempre est\u00e1n presentes a nivel estructural, pero la dominancia del hemisferio izquierdo sobre el derecho, junto con la desactivaci\u00f3n del Modo Cognitivo Espiritual, hacen que los Sentidos Internos sean inaccesibles a la consciencia y al Yo, quedando reducidos a su m\u00ednima expresi\u00f3n, as\u00ed: lo que era Telepat\u00eda queda reducido a s\u00f3lo Pensamiento (boca-hablar), lo que era Enso\u00f1aci\u00f3n se reduce a s\u00f3lo Imaginaci\u00f3n (ojos-observar), lo que era la Lectura del Campo Energ\u00e9tico queda reducido a s\u00f3lo Sentir (manos-tocar), lo que era Sabidur\u00eda Organ\u00edsmica se reduce a s\u00f3lo Intuici\u00f3n (nariz-oler), y lo que era la \u00fatil capacidad de Canalizar queda en simple Inspiraci\u00f3n (orejas-escuchar). Si bien los Sentidos Externos son cinco b\u00e1sicos, los Sentidos Internos o Habilidades Mentales superan ampliamente esa cifra, por eso es muy importante tener en cuenta que los Sentidos Internos aqu\u00ed citados son s\u00f3lo los m\u00e1s b\u00e1sicos o superficiales, ya que en lo profundo de la mente existen unos sentidos o habilidades mentales propias de una pel\u00edcula de ciencia ficci\u00f3n.<\/li>\n<\/ul>\n<p>&nbsp;<\/p>\n<p>&nbsp;<\/p>\n<h4><\/h4>\n<p>Art\u00edculo extra\u00eddo del libro:<\/p>\n<p>\u201cNeuromisticismo y Conexi\u00f3n Trascendente\u201d.<\/p>\n<p>Autor: Juan David Silva Aguirre.<\/p>\n<p><img loading=\"lazy\" decoding=\"async\" class=\"alignnone wp-image-637\" src=\"http:\/\/culturaneuroactiva.com\/site\/wp-content\/uploads\/2016\/03\/creative-comons-300x105.png\" sizes=\"auto, (max-width: 97px) 100vw, 97px\" srcset=\"http:\/\/culturaneuroactiva.com\/site\/wp-content\/uploads\/2016\/03\/creative-comons-300x105.png 300w, http:\/\/culturaneuroactiva.com\/site\/wp-content\/uploads\/2016\/03\/creative-comons-392x141.png 392w, http:\/\/culturaneuroactiva.com\/site\/wp-content\/uploads\/2016\/03\/creative-comons-390x141.png 390w, http:\/\/culturaneuroactiva.com\/site\/wp-content\/uploads\/2016\/03\/creative-comons.png 403w\" alt=\"creative comons\" width=\"97\" height=\"34\" \/><\/p>\n<p>conexion@culturaneuroactiva.com<\/p>\n<p>conexi\u00f3n.culturaneuroactiva.com<\/p>\n<p>Medell\u00edn \u2013 Colombia<\/p>\n<p>&nbsp;<\/p>\n","protected":false},"excerpt":{"rendered":"<p>Los Dos Modos Cognitivos\u00a0 Si la realidad cotidiana se divide en dos lados, entonces la cognici\u00f3n est\u00e1 equipada naturalmente con<\/p>\n","protected":false},"author":1,"featured_media":0,"parent":0,"menu_order":0,"comment_status":"closed","ping_status":"closed","template":"","meta":{"colormag_page_layout":"default_layout","footnotes":""},"class_list":["post-120","page","type-page","status-publish","hentry"],"yoast_head":"<!-- This site is optimized with the Yoast SEO plugin v25.6 - https:\/\/yoast.com\/wordpress\/plugins\/seo\/ -->\n<title>Los Modos Cognitivos y sus Sentidos B\u00e1sicos - Conexi\u00f3n Trascendente<\/title>\n<meta name=\"robots\" content=\"index, follow, max-snippet:-1, max-image-preview:large, max-video-preview:-1\" \/>\n<link rel=\"canonical\" href=\"https:\/\/culturaneuroactiva.com\/site\/conexiontrascendente\/los-modos-cognitivos-sentidos-basicos\/\" \/>\n<meta property=\"og:locale\" content=\"es_ES\" \/>\n<meta property=\"og:type\" content=\"article\" \/>\n<meta property=\"og:title\" content=\"Los Modos Cognitivos y sus Sentidos B\u00e1sicos - Conexi\u00f3n Trascendente\" \/>\n<meta property=\"og:description\" content=\"Los Dos Modos Cognitivos\u00a0 Si la realidad cotidiana se divide en dos lados, entonces la cognici\u00f3n est\u00e1 equipada naturalmente con\" \/>\n<meta property=\"og:url\" content=\"https:\/\/culturaneuroactiva.com\/site\/conexiontrascendente\/los-modos-cognitivos-sentidos-basicos\/\" \/>\n<meta property=\"og:site_name\" content=\"Conexi\u00f3n Trascendente\" \/>\n<meta property=\"article:modified_time\" content=\"2017-07-16T03:09:07+00:00\" \/>\n<meta property=\"og:image\" content=\"http:\/\/culturaneuroactiva.com\/site\/wp-content\/uploads\/2016\/03\/creative-comons-300x105.png\" \/>\n<meta name=\"twitter:card\" content=\"summary_large_image\" \/>\n<meta name=\"twitter:label1\" content=\"Tiempo de lectura\" \/>\n\t<meta name=\"twitter:data1\" content=\"4 minutos\" \/>\n<script type=\"application\/ld+json\" class=\"yoast-schema-graph\">{\"@context\":\"https:\/\/schema.org\",\"@graph\":[{\"@type\":\"WebPage\",\"@id\":\"https:\/\/culturaneuroactiva.com\/site\/conexiontrascendente\/los-modos-cognitivos-sentidos-basicos\/\",\"url\":\"https:\/\/culturaneuroactiva.com\/site\/conexiontrascendente\/los-modos-cognitivos-sentidos-basicos\/\",\"name\":\"Los Modos Cognitivos y sus Sentidos B\u00e1sicos - Conexi\u00f3n Trascendente\",\"isPartOf\":{\"@id\":\"https:\/\/culturaneuroactiva.com\/site\/conexiontrascendente\/#website\"},\"primaryImageOfPage\":{\"@id\":\"https:\/\/culturaneuroactiva.com\/site\/conexiontrascendente\/los-modos-cognitivos-sentidos-basicos\/#primaryimage\"},\"image\":{\"@id\":\"https:\/\/culturaneuroactiva.com\/site\/conexiontrascendente\/los-modos-cognitivos-sentidos-basicos\/#primaryimage\"},\"thumbnailUrl\":\"http:\/\/culturaneuroactiva.com\/site\/wp-content\/uploads\/2016\/03\/creative-comons-300x105.png\",\"datePublished\":\"2017-07-15T22:56:24+00:00\",\"dateModified\":\"2017-07-16T03:09:07+00:00\",\"breadcrumb\":{\"@id\":\"https:\/\/culturaneuroactiva.com\/site\/conexiontrascendente\/los-modos-cognitivos-sentidos-basicos\/#breadcrumb\"},\"inLanguage\":\"es\",\"potentialAction\":[{\"@type\":\"ReadAction\",\"target\":[\"https:\/\/culturaneuroactiva.com\/site\/conexiontrascendente\/los-modos-cognitivos-sentidos-basicos\/\"]}]},{\"@type\":\"ImageObject\",\"inLanguage\":\"es\",\"@id\":\"https:\/\/culturaneuroactiva.com\/site\/conexiontrascendente\/los-modos-cognitivos-sentidos-basicos\/#primaryimage\",\"url\":\"http:\/\/culturaneuroactiva.com\/site\/wp-content\/uploads\/2016\/03\/creative-comons-300x105.png\",\"contentUrl\":\"http:\/\/culturaneuroactiva.com\/site\/wp-content\/uploads\/2016\/03\/creative-comons-300x105.png\"},{\"@type\":\"BreadcrumbList\",\"@id\":\"https:\/\/culturaneuroactiva.com\/site\/conexiontrascendente\/los-modos-cognitivos-sentidos-basicos\/#breadcrumb\",\"itemListElement\":[{\"@type\":\"ListItem\",\"position\":1,\"name\":\"Portada\",\"item\":\"https:\/\/culturaneuroactiva.com\/site\/conexiontrascendente\/\"},{\"@type\":\"ListItem\",\"position\":2,\"name\":\"Los Modos Cognitivos y sus Sentidos B\u00e1sicos\"}]},{\"@type\":\"WebSite\",\"@id\":\"https:\/\/culturaneuroactiva.com\/site\/conexiontrascendente\/#website\",\"url\":\"https:\/\/culturaneuroactiva.com\/site\/conexiontrascendente\/\",\"name\":\"Conexi\u00f3n Trascendente\",\"description\":\"Servicios para el Alma\",\"publisher\":{\"@id\":\"https:\/\/culturaneuroactiva.com\/site\/conexiontrascendente\/#organization\"},\"potentialAction\":[{\"@type\":\"SearchAction\",\"target\":{\"@type\":\"EntryPoint\",\"urlTemplate\":\"https:\/\/culturaneuroactiva.com\/site\/conexiontrascendente\/?s={search_term_string}\"},\"query-input\":{\"@type\":\"PropertyValueSpecification\",\"valueRequired\":true,\"valueName\":\"search_term_string\"}}],\"inLanguage\":\"es\"},{\"@type\":\"Organization\",\"@id\":\"https:\/\/culturaneuroactiva.com\/site\/conexiontrascendente\/#organization\",\"name\":\"Conexi\u00f3n Trascendente\",\"url\":\"https:\/\/culturaneuroactiva.com\/site\/conexiontrascendente\/\",\"logo\":{\"@type\":\"ImageObject\",\"inLanguage\":\"es\",\"@id\":\"https:\/\/culturaneuroactiva.com\/site\/conexiontrascendente\/#\/schema\/logo\/image\/\",\"url\":\"https:\/\/culturaneuroactiva.com\/site\/conexiontrascendente\/wp-content\/uploads\/sites\/7\/2017\/06\/iconConexionTrascendente_128.png\",\"contentUrl\":\"https:\/\/culturaneuroactiva.com\/site\/conexiontrascendente\/wp-content\/uploads\/sites\/7\/2017\/06\/iconConexionTrascendente_128.png\",\"width\":128,\"height\":128,\"caption\":\"Conexi\u00f3n Trascendente\"},\"image\":{\"@id\":\"https:\/\/culturaneuroactiva.com\/site\/conexiontrascendente\/#\/schema\/logo\/image\/\"}}]}<\/script>\n<!-- \/ Yoast SEO plugin. -->","yoast_head_json":{"title":"Los Modos Cognitivos y sus Sentidos B\u00e1sicos - Conexi\u00f3n Trascendente","robots":{"index":"index","follow":"follow","max-snippet":"max-snippet:-1","max-image-preview":"max-image-preview:large","max-video-preview":"max-video-preview:-1"},"canonical":"https:\/\/culturaneuroactiva.com\/site\/conexiontrascendente\/los-modos-cognitivos-sentidos-basicos\/","og_locale":"es_ES","og_type":"article","og_title":"Los Modos Cognitivos y sus Sentidos B\u00e1sicos - Conexi\u00f3n Trascendente","og_description":"Los Dos Modos Cognitivos\u00a0 Si la realidad cotidiana se divide en dos lados, entonces la cognici\u00f3n est\u00e1 equipada naturalmente con","og_url":"https:\/\/culturaneuroactiva.com\/site\/conexiontrascendente\/los-modos-cognitivos-sentidos-basicos\/","og_site_name":"Conexi\u00f3n Trascendente","article_modified_time":"2017-07-16T03:09:07+00:00","og_image":[{"url":"http:\/\/culturaneuroactiva.com\/site\/wp-content\/uploads\/2016\/03\/creative-comons-300x105.png","type":"","width":"","height":""}],"twitter_card":"summary_large_image","twitter_misc":{"Tiempo de lectura":"4 minutos"},"schema":{"@context":"https:\/\/schema.org","@graph":[{"@type":"WebPage","@id":"https:\/\/culturaneuroactiva.com\/site\/conexiontrascendente\/los-modos-cognitivos-sentidos-basicos\/","url":"https:\/\/culturaneuroactiva.com\/site\/conexiontrascendente\/los-modos-cognitivos-sentidos-basicos\/","name":"Los Modos Cognitivos y sus Sentidos B\u00e1sicos - Conexi\u00f3n Trascendente","isPartOf":{"@id":"https:\/\/culturaneuroactiva.com\/site\/conexiontrascendente\/#website"},"primaryImageOfPage":{"@id":"https:\/\/culturaneuroactiva.com\/site\/conexiontrascendente\/los-modos-cognitivos-sentidos-basicos\/#primaryimage"},"image":{"@id":"https:\/\/culturaneuroactiva.com\/site\/conexiontrascendente\/los-modos-cognitivos-sentidos-basicos\/#primaryimage"},"thumbnailUrl":"http:\/\/culturaneuroactiva.com\/site\/wp-content\/uploads\/2016\/03\/creative-comons-300x105.png","datePublished":"2017-07-15T22:56:24+00:00","dateModified":"2017-07-16T03:09:07+00:00","breadcrumb":{"@id":"https:\/\/culturaneuroactiva.com\/site\/conexiontrascendente\/los-modos-cognitivos-sentidos-basicos\/#breadcrumb"},"inLanguage":"es","potentialAction":[{"@type":"ReadAction","target":["https:\/\/culturaneuroactiva.com\/site\/conexiontrascendente\/los-modos-cognitivos-sentidos-basicos\/"]}]},{"@type":"ImageObject","inLanguage":"es","@id":"https:\/\/culturaneuroactiva.com\/site\/conexiontrascendente\/los-modos-cognitivos-sentidos-basicos\/#primaryimage","url":"http:\/\/culturaneuroactiva.com\/site\/wp-content\/uploads\/2016\/03\/creative-comons-300x105.png","contentUrl":"http:\/\/culturaneuroactiva.com\/site\/wp-content\/uploads\/2016\/03\/creative-comons-300x105.png"},{"@type":"BreadcrumbList","@id":"https:\/\/culturaneuroactiva.com\/site\/conexiontrascendente\/los-modos-cognitivos-sentidos-basicos\/#breadcrumb","itemListElement":[{"@type":"ListItem","position":1,"name":"Portada","item":"https:\/\/culturaneuroactiva.com\/site\/conexiontrascendente\/"},{"@type":"ListItem","position":2,"name":"Los Modos Cognitivos y sus Sentidos B\u00e1sicos"}]},{"@type":"WebSite","@id":"https:\/\/culturaneuroactiva.com\/site\/conexiontrascendente\/#website","url":"https:\/\/culturaneuroactiva.com\/site\/conexiontrascendente\/","name":"Conexi\u00f3n Trascendente","description":"Servicios para el Alma","publisher":{"@id":"https:\/\/culturaneuroactiva.com\/site\/conexiontrascendente\/#organization"},"potentialAction":[{"@type":"SearchAction","target":{"@type":"EntryPoint","urlTemplate":"https:\/\/culturaneuroactiva.com\/site\/conexiontrascendente\/?s={search_term_string}"},"query-input":{"@type":"PropertyValueSpecification","valueRequired":true,"valueName":"search_term_string"}}],"inLanguage":"es"},{"@type":"Organization","@id":"https:\/\/culturaneuroactiva.com\/site\/conexiontrascendente\/#organization","name":"Conexi\u00f3n Trascendente","url":"https:\/\/culturaneuroactiva.com\/site\/conexiontrascendente\/","logo":{"@type":"ImageObject","inLanguage":"es","@id":"https:\/\/culturaneuroactiva.com\/site\/conexiontrascendente\/#\/schema\/logo\/image\/","url":"https:\/\/culturaneuroactiva.com\/site\/conexiontrascendente\/wp-content\/uploads\/sites\/7\/2017\/06\/iconConexionTrascendente_128.png","contentUrl":"https:\/\/culturaneuroactiva.com\/site\/conexiontrascendente\/wp-content\/uploads\/sites\/7\/2017\/06\/iconConexionTrascendente_128.png","width":128,"height":128,"caption":"Conexi\u00f3n Trascendente"},"image":{"@id":"https:\/\/culturaneuroactiva.com\/site\/conexiontrascendente\/#\/schema\/logo\/image\/"}}]}},"_links":{"self":[{"href":"https:\/\/culturaneuroactiva.com\/site\/conexiontrascendente\/wp-json\/wp\/v2\/pages\/120","targetHints":{"allow":["GET"]}}],"collection":[{"href":"https:\/\/culturaneuroactiva.com\/site\/conexiontrascendente\/wp-json\/wp\/v2\/pages"}],"about":[{"href":"https:\/\/culturaneuroactiva.com\/site\/conexiontrascendente\/wp-json\/wp\/v2\/types\/page"}],"author":[{"embeddable":true,"href":"https:\/\/culturaneuroactiva.com\/site\/conexiontrascendente\/wp-json\/wp\/v2\/users\/1"}],"replies":[{"embeddable":true,"href":"https:\/\/culturaneuroactiva.com\/site\/conexiontrascendente\/wp-json\/wp\/v2\/comments?post=120"}],"version-history":[{"count":8,"href":"https:\/\/culturaneuroactiva.com\/site\/conexiontrascendente\/wp-json\/wp\/v2\/pages\/120\/revisions"}],"predecessor-version":[{"id":139,"href":"https:\/\/culturaneuroactiva.com\/site\/conexiontrascendente\/wp-json\/wp\/v2\/pages\/120\/revisions\/139"}],"wp:attachment":[{"href":"https:\/\/culturaneuroactiva.com\/site\/conexiontrascendente\/wp-json\/wp\/v2\/media?parent=120"}],"curies":[{"name":"wp","href":"https:\/\/api.w.org\/{rel}","templated":true}]}}